{"id":946,"date":"2019-06-13T12:16:12","date_gmt":"2019-06-13T12:16:12","guid":{"rendered":"https:\/\/es-lab.de\/wp\/?page_id=946"},"modified":"2019-06-13T12:16:12","modified_gmt":"2019-06-13T12:16:12","slug":"pruefungsphase-ss2019-details-und-termine","status":"publish","type":"page","link":"https:\/\/eb-lab.de\/index.php\/pruefungensprechstunde\/pruefungsphase-ss2019-details-und-termine\/","title":{"rendered":"Pr\u00fcfungsphase SS2019: Details und Termine"},"content":{"rendered":"<p>Hallo Zusammen,<\/p>\n<p>f\u00fcr die anstehende Pr\u00fcfungsperiode habe ich unten stehende Tabelle mit den Details zu meinen Pr\u00fcfungen zusammengestellt.<\/p>\n<p><span style=\"color: #ff0000;\"><strong>Grunds\u00e4tzlich m\u00fcssen Sie sich im HIS zu Ihrer jeweiligen Pr\u00fcfung ordnungsgem\u00e4\u00df angemeldet haben. Bitte vers\u00e4umen Sie nicht die Anmeldefrist!!<\/strong><\/span><\/p>\n<table>\n<tbody>\n<tr>\n<td style=\"text-align: center;\"><strong>Lehrfach<\/strong><\/td>\n<td style=\"text-align: center;\"><strong>Art der Pr\u00c3\u00bcfung<\/strong><\/td>\n<td style=\"text-align: center;\"><strong>Datum<\/strong><\/td>\n<td style=\"text-align: center;\"><strong>Uhrzeit<\/strong><\/td>\n<td style=\"text-align: center;\"><strong>Ort<\/strong><\/td>\n<td style=\"text-align: center;\"><strong>Bemerkungen<\/strong><\/td>\n<\/tr>\n<tr>\n<td>Systemprogramming<\/td>\n<td>Oral<\/td>\n<td>18.7.2019<\/td>\n<td>ab 9:00<\/td>\n<td>k31<\/td>\n<td>Done<\/td>\n<\/tr>\n<tr>\n<td>Realtime-Systems<\/td>\n<td>Oral<\/td>\n<td>18.7.2019<\/td>\n<td>ab 9:00<\/td>\n<td>k31<\/td>\n<td>Done<\/td>\n<\/tr>\n<tr>\n<td>Mikrocontroller<\/td>\n<td>Beleg<\/td>\n<td>24.7.2019<\/td>\n<td>10:00<\/td>\n<td>k31<\/td>\n<td><span style=\"color: #ff0000;\">Hat stattgefunden<\/span><\/td>\n<\/tr>\n<tr>\n<td>Mikrocontroller (Nachholpr\u00fcfung)<\/td>\n<td>Schriftlich<\/td>\n<td>24.7.2019<\/td>\n<td>8:00<\/td>\n<td>k32<\/td>\n<td>Hat stattgefunden<\/td>\n<\/tr>\n<tr>\n<td>Programmieren 1 und Programmieren 2<\/td>\n<td>Beleg<\/td>\n<td>17.7.2019<\/td>\n<td>ab 8:00<\/td>\n<td>k31<\/td>\n<td>Hat stattgefunden<\/td>\n<\/tr>\n<tr>\n<td>Internetsicherheit<\/td>\n<td>Beleg<\/td>\n<td>19.7.2019<\/td>\n<td>ab 8:00<\/td>\n<td>k31<\/td>\n<td>Hat stattgefunden<\/td>\n<\/tr>\n<tr>\n<td><span style=\"color: #000000;\">Maschinenprogrammierung (Nachholpr\u00fcfung)<\/span><\/td>\n<td><span style=\"color: #000000;\">Schriftlich<\/span><\/td>\n<td><span style=\"color: #000000;\">26.7.2019<\/span><\/td>\n<td><span style=\"color: #000000;\">\u00a08:00<\/span><\/td>\n<td><span style=\"color: #000000;\">01\/322-2<\/span><\/td>\n<td><span style=\"color: #000000;\">Hat stattgefunden<\/span><\/td>\n<\/tr>\n<\/tbody>\n<\/table>\n<p>F\u00fcr das Lehrfach Programmieren 1 und Programmieren 2 (MAB, BMT, EIT, MT) sollen die Belege bis zum 12.7.2019 ins git-Repo hochgeladen werden und f\u00fcr die <span style=\"color: #ff0000;\">Tutoren Fiedler, Rei\u00df und f\u00fcr Chmielewski freigeschaltet werden.<\/span>\u00a0Am 17.7.2019 wird hierzu die Verteidigung Ihres Beleges stattfinden. Eine\u00a0<a href=\"https:\/\/terminplaner4.dfn.de\/PV1wdW76MNugSV5e\">Zeitreservierung zur Pr\u00e4sentation Ihres Beleges k\u00f6nnen Sie im DFN-Planer hier vornehmen.<\/a> Ich m\u00f6chte noch einmal darauf hinweisen, dass sich bitte pro Gruppe pro Zeitslot nur <span style=\"color: #ff0000;\"><strong>eine Person<\/strong><\/span> Ihrer Gruppe eintragen soll und wir nur lauff\u00e4hige Programme aus dem git akzeptieren.<\/p>\n<p>F\u00fcr das Lehrfach Internetsicherheit habe ich eine Abfrage f\u00fcr <a href=\"https:\/\/terminplaner4.dfn.de\/umjwPOOK7PZilTMm\">m\u00f6gliche Termine<\/a> im DFN-Planer vorgenommen. Bitte registrieren Sie dort pro Gruppe einen Zeitslot mit einem Namen aus Ihrer Gruppe. Weitere Infos zur Aufgabe gibt es <a href=\"https:\/\/es-lab.de\/wp\/news\/termine-zu-meinen-veranstaltungen\/info-zum-modul-internetsicherheit-belegarbeit\/\">hier<\/a>.<\/p>\n","protected":false},"excerpt":{"rendered":"<p>Hallo Zusammen, f\u00fcr die anstehende Pr\u00fcfungsperiode habe ich unten stehende Tabelle mit den Details zu meinen Pr\u00fcfungen zusammengestellt. Grunds\u00e4tzlich m\u00fcssen Sie sich im HIS zu Ihrer jeweiligen Pr\u00fcfung ordnungsgem\u00e4\u00df angemeldet haben. Bitte vers\u00e4umen Sie nicht die Anmeldefrist!! Lehrfach Art der &hellip;<\/p>\n<p class=\"read-more\"> <a class=\"more-link\" href=\"https:\/\/eb-lab.de\/index.php\/pruefungensprechstunde\/pruefungsphase-ss2019-details-und-termine\/\"> <span class=\"screen-reader-text\">Pr\u00fcfungsphase SS2019: Details und Termine<\/span> Weiterlesen &raquo;<\/a><\/p>\n","protected":false},"author":1,"featured_media":0,"parent":520,"menu_order":7,"comment_status":"closed","ping_status":"closed","template":"","meta":[],"_links":{"self":[{"href":"https:\/\/eb-lab.de\/index.php\/wp-json\/wp\/v2\/pages\/946"}],"collection":[{"href":"https:\/\/eb-lab.de\/index.php\/wp-json\/wp\/v2\/pages"}],"about":[{"href":"https:\/\/eb-lab.de\/index.php\/wp-json\/wp\/v2\/types\/page"}],"author":[{"embeddable":true,"href":"https:\/\/eb-lab.de\/index.php\/wp-json\/wp\/v2\/users\/1"}],"replies":[{"embeddable":true,"href":"https:\/\/eb-lab.de\/index.php\/wp-json\/wp\/v2\/comments?post=946"}],"version-history":[{"count":0,"href":"https:\/\/eb-lab.de\/index.php\/wp-json\/wp\/v2\/pages\/946\/revisions"}],"up":[{"embeddable":true,"href":"https:\/\/eb-lab.de\/index.php\/wp-json\/wp\/v2\/pages\/520"}],"wp:attachment":[{"href":"https:\/\/eb-lab.de\/index.php\/wp-json\/wp\/v2\/media?parent=946"}],"curies":[{"name":"wp","href":"https:\/\/api.w.org\/{rel}","templated":true}]}}