{"id":837,"date":"2019-01-25T09:48:00","date_gmt":"2019-01-25T09:48:00","guid":{"rendered":"https:\/\/es-lab.de\/wp\/?page_id=837"},"modified":"2019-01-25T09:48:00","modified_gmt":"2019-01-25T09:48:00","slug":"pruefungsphase-ws20182019-termine-und-details","status":"publish","type":"page","link":"https:\/\/eb-lab.de\/index.php\/pruefungensprechstunde\/pruefungsphase-ws20182019-termine-und-details\/","title":{"rendered":"Pr\u00fcfungsphase WS2018\/2019: Termine und  Details"},"content":{"rendered":"<p>Hallo Zusammen,<\/p>\n<p>f\u00fcr die anstehende Pr\u00fcfungsperiode habe ich unten stehende Tabelle mit den Details zu meinen Pr\u00fcfungen zusammengestellt.<\/p>\n<table>\n<tbody>\n<tr>\n<td style=\"text-align: center;\"><strong>Lehrfach<\/strong><\/td>\n<td style=\"text-align: center;\"><strong>Art der Pr\u00fcfung<\/strong><\/td>\n<td style=\"text-align: center;\"><strong>Datum<\/strong><\/td>\n<td style=\"text-align: center;\"><strong>Uhrzeit<\/strong><\/td>\n<td style=\"text-align: center;\"><strong>Ort<\/strong><\/td>\n<td style=\"text-align: center;\"><strong>Bemerkungen<\/strong><\/td>\n<\/tr>\n<tr>\n<td>Systemprogramming<\/td>\n<td>Oral<\/td>\n<td>11.2.2019<\/td>\n<td>ab 9:00<\/td>\n<td>k31<\/td>\n<td>done<\/td>\n<\/tr>\n<tr>\n<td>Realtime-Systems<\/td>\n<td>Oral<\/td>\n<td>14.2.2019<\/td>\n<td>ab 9:00<\/td>\n<td>k31<\/td>\n<td>done<\/td>\n<\/tr>\n<tr>\n<td>Maschinenprogrammierung\/Assemblerprogrammierung<\/td>\n<td>Schriftlich<\/td>\n<td>15.2.2019<\/td>\n<td>8:00<\/td>\n<td>01\/121<\/td>\n<td>hat stattgefunden und Noten sind ins HIS eingetragen<\/td>\n<\/tr>\n<tr>\n<td>Hardware-Software-CoDesign<\/td>\n<td>Beleg<\/td>\n<td>18.2.2019<\/td>\n<td>bis 23:59<\/td>\n<td>\u00a001\/221<\/td>\n<td>done<\/td>\n<\/tr>\n<tr>\n<td>Programmieren 1 f\u00fcr BMT, EIT, MT<\/td>\n<td>Beleg<\/td>\n<td>22.2.2019<\/td>\n<td>bis 23:59<\/td>\n<td><\/td>\n<td>hat stattgefunden und Noten sind ins HIS eingetragen<\/td>\n<\/tr>\n<tr>\n<td>Programmieren 2 f\u00fcr MAB<\/td>\n<td>Beleg<\/td>\n<td>1.3.2019<\/td>\n<td>bis 23:59<\/td>\n<td><\/td>\n<td>hat stattgefunden und Noten sind ins HIS eingetragen<\/td>\n<\/tr>\n<tr>\n<td><span style=\"color: #000000;\">Mikrocontroller (Nachholpr\u00fcfung)<\/span><\/td>\n<td><span style=\"color: #000000;\">Schriftlich<\/span><\/td>\n<td><span style=\"color: #000000;\">20.3.2019<\/span><\/td>\n<td><span style=\"color: #000000;\">\u00a08:30<\/span><\/td>\n<td><span style=\"color: #000000;\">01\/216<\/span><\/td>\n<td><span style=\"color: #000000;\">hat stattgefunden und Noten sind ins HIS eingetragen<\/span><\/td>\n<\/tr>\n<\/tbody>\n<\/table>\n<p>For the exam Hardware-Software-Codesign you should submit your paperwork on 18.2.2019 and the defence of your work will take place on 22nd February at 8:00. <span style=\"color: #ff0000;\">The two groups dealing with the theme &#8222;Pong&#8220; and &#8222;Studio-Uhr&#8220; should prepare a presentation on 22nd of Feb. For the group dealing with the theme &#8222;Tetris&#8220; the defense will take place on 28th of March at 8:00 in 01\/221. Please be complete for your defense.<\/span><\/p>\n<p>F\u00fcr das Lehrfach Programmieren 1 (BMT, EIT, MT) sollen die Belege bis zum 22.2.2019 ins git-Repo hochgeladen werden und f\u00fcr die <span style=\"color: #ff0000;\">Tutoren Fiedler, Hildebrandt, Rei\u00df und f\u00fcr Chmielewski freigeschaltet werden.<\/span> Am 28.3.2019 wird hierzu die Verteidigung Ihres Beleges stattfinden. Eine <a href=\"https:\/\/terminplaner4.dfn.de\/3xJOQ5B27vF1r3lJ\">Zeitreservierung zur Pr\u00c3\u00a4sentation Ihres Beleges k\u00f6nnen Sie im DFN-Planer hier vornehmen.<\/a> Ich m\u00f6chte noch einmal darauf hinweisen, dass sich bitte pro Gruppe pro Zeitslot nur <span style=\"color: #ff0000;\"><strong>eine Person<\/strong><\/span> Ihrer Gruppe eintragen soll.<\/p>\n<p>F\u00fcr das Lehrfach Programmieren II (MAB5) sollen die Belege bis zum 1.3.2019 mir (ingo.chmielewski@hs-anhalt.de) per eMail zugeschickt werden. Am 29.3.2019 wird hierzu die Verteidigung Ihres Beleges stattfinden. Eine <a href=\"https:\/\/terminplaner4.dfn.de\/nIYj68NROJpcg8Xq\">Zeitreservierung zur Pr\u00e4sentation Ihres Beleges k\u00f6nnen Sie im DFN-Planer<\/a> vornehmen. Ich m\u00f6chte auch hier noch einmal darauf hinweisen, dass sich pro Person pro Zeitslot nur <span style=\"color: #ff0000;\"><strong>eine Person<\/strong><\/span> Ihrer Gruppe eintragen soll.<\/p>\n","protected":false},"excerpt":{"rendered":"<p>Hallo Zusammen, f\u00fcr die anstehende Pr\u00fcfungsperiode habe ich unten stehende Tabelle mit den Details zu meinen Pr\u00fcfungen zusammengestellt. Lehrfach Art der Pr\u00fcfung Datum Uhrzeit Ort Bemerkungen Systemprogramming Oral 11.2.2019 ab 9:00 k31 done Realtime-Systems Oral 14.2.2019 ab 9:00 k31 done &hellip;<\/p>\n<p class=\"read-more\"> <a class=\"more-link\" href=\"https:\/\/eb-lab.de\/index.php\/pruefungensprechstunde\/pruefungsphase-ws20182019-termine-und-details\/\"> <span class=\"screen-reader-text\">Pr\u00fcfungsphase WS2018\/2019: Termine und  Details<\/span> Weiterlesen &raquo;<\/a><\/p>\n","protected":false},"author":1,"featured_media":0,"parent":520,"menu_order":8,"comment_status":"closed","ping_status":"closed","template":"","meta":[],"_links":{"self":[{"href":"https:\/\/eb-lab.de\/index.php\/wp-json\/wp\/v2\/pages\/837"}],"collection":[{"href":"https:\/\/eb-lab.de\/index.php\/wp-json\/wp\/v2\/pages"}],"about":[{"href":"https:\/\/eb-lab.de\/index.php\/wp-json\/wp\/v2\/types\/page"}],"author":[{"embeddable":true,"href":"https:\/\/eb-lab.de\/index.php\/wp-json\/wp\/v2\/users\/1"}],"replies":[{"embeddable":true,"href":"https:\/\/eb-lab.de\/index.php\/wp-json\/wp\/v2\/comments?post=837"}],"version-history":[{"count":0,"href":"https:\/\/eb-lab.de\/index.php\/wp-json\/wp\/v2\/pages\/837\/revisions"}],"up":[{"embeddable":true,"href":"https:\/\/eb-lab.de\/index.php\/wp-json\/wp\/v2\/pages\/520"}],"wp:attachment":[{"href":"https:\/\/eb-lab.de\/index.php\/wp-json\/wp\/v2\/media?parent=837"}],"curies":[{"name":"wp","href":"https:\/\/api.w.org\/{rel}","templated":true}]}}