{"id":735,"date":"2018-09-10T10:25:10","date_gmt":"2018-09-10T10:25:10","guid":{"rendered":"https:\/\/es-lab.de\/wp\/?page_id=735"},"modified":"2018-09-10T10:25:10","modified_gmt":"2018-09-10T10:25:10","slug":"silaacooling-entwicklung-energieautarker-kuehllager-fuer-off-grid-gebiete-der-asean-region","status":"publish","type":"page","link":"https:\/\/eb-lab.de\/index.php\/studentische-arbeiten-und-projekte\/projekte\/silaacooling-entwicklung-energieautarker-kuehllager-fuer-off-grid-gebiete-der-asean-region\/","title":{"rendered":"SilaaCooling: Entwicklung energieautarker K\u00fchllager f\u00fcr off-grid Gebiete der ASEAN Region"},"content":{"rendered":"<p align=\"justify\">Thema des Vorhabens SilaaCooling ist die Implementierung einer Langzeitlagerung von biologischen Rohstoffen an den Orten ihrer Erzeugung, am Beispiel von Rohkaffee in der ASEAN-Region. Hierzu soll ein System zur energieautarken <strong class=\"western\">Klimatisierung von Lagerh\u00e4usern<\/strong> f\u00fcr <strong class=\"western\">biologische<\/strong> <strong class=\"western\">Rohstoffe<\/strong> in schwer erreichbaren Gebieten (<strong class=\"western\"><i>off-grid Gebiete<\/i><\/strong>) unter Hochgebirgsbedingungen entwickelt und versuchsweise aufgebaut werden. Dadurch wird den Kleinbauern Asiens die Abkehr von intensiver Landnutzung zum Bio-Anbau in unterentwickelten Regionen \u00f6konomisch profitabel erm\u00f6glicht und zugleich durch ausschlie\u00dfliche Verwendung erneuerbarer Energien der CO<sub>2<\/sub> Footprint f\u00fcr die Produktion und Lagerung erheblich reduziert. Neben der Substitution von fossilen Energiequellen durch PV-Felder wird durch die hier angestrebte technische Realisierung au\u00dferdem die Wertsch\u00f6pfungskette f\u00fcr den Kaffee direkt an die Kleinbauern in d\u00fcnn besiedelten l\u00e4ndlichen Gebieten verlagert, was sowohl die Umwelt signifikant entlastet als auch die Subsistenz von Bauern in l\u00e4ndlichen Gegenden der Region sichert und so ein Aufbrechen von d\u00f6rflichen Gesellschaftsstrukturen stoppt sowie die beschleunigte Urbanisierung der L\u00e4nder aufh\u00e4lt. Das SilaaCooling-System\u00a0 f\u00fcr die Langzeitlagerung von Rohkaffee (bis 24 Monate Lagerung) soll in Mae Lai in Nordthailand als Versuchsanlage aufgebaut und testweise betrieben werden um hieraus Erfahrungen f\u00fcr die Massenproduktion der Systeme zu sammeln. Im Vorfeld sollen vielf\u00e4ltige F&amp;E Fragestellungen sowie technische Probleme zur Realisierung des Systems von einem Konsortium aus 3 KMUs (axxeo GmbH, efa Leipzig GmbH, Koralewski Industrieelektronik OHG) und einer Hochschule gel\u00f6st und notwendige Komponenten entwickelt werden. Die entwickelten Systeme werden nach Projektende in die ASEAN-Region exportiert. Au\u00dferdem werden Werkzeuge geschaffen, welche die Dimensionierung, Parametrierung und Begleitung des Aufbaus der Systeme basierend auf den Wetterdaten der Zielgebiete &#8211; erm\u00f6glichen.<a href=\"https:\/\/es-lab.de\/wp\/wp-content\/uploads\/2018\/09\/180911_SilaaCooling.png\"><img decoding=\"async\" loading=\"lazy\" class=\"alignright size-medium wp-image-738\" src=\"https:\/\/es-lab.de\/wp\/wp-content\/uploads\/2018\/09\/180911_SilaaCooling-300x162.png\" alt=\"180911_silaacooling\" width=\"300\" height=\"162\" \/><\/a><\/p>\n<p align=\"justify\">Am Ende des Vorhabens soll eine Versuchsanlage eines energieautarken Kaffeek\u00fchlhauses, ausgestattet mit den entwickelten bzw. angepassten Komponenten in Mae Lai, auf dem Gel\u00c3\u00a4nde der SilaaFarms aufgebaut sein. Die Anlage soll dem Sammeln von Erfahrungen f\u00fcr den Betrieb, die Optimierung des Energiebedarfs und der Verbesserung der Dimensionierung des Systems dienen. Die Optimierung des Energiebedarfs soll durch Verwendung heuristischer Methoden zur Arbeitspunkt-Berechnung basierend auf kurz- und mittelfristigen Prognosen der Energieerzeugung und des Energieverbrauchs f\u00fcr eine wirtschaftliche Inbetriebnahme abgeschlossen sein. Das Batteriemanagementsystem wurde durch ein Linux-basiertes SoC-System realisiert, ist auf die verwendeten Commodity-Komponenten angepasst und ber\u00fccksichtigt die erprobten, ger\u00e4teeigenen- sowie umgebungsspezifischen Lade\/Entladebedingungen. Die Mess- und Steuerstellen werden durchgehend von Industrie 4.0-Schnittstellen gebildet.<\/p>\n<p align=\"justify\">Weil das System sehr stark von lokalen Wetterbedingungen abh\u00e4ngig ist und bislang keine vergleichbaren Erfahrungen weltweit vorhanden sind, wird davon ausgegangen, dass nach Fertigstellung und Inbetriebnahme des energieautarken Kaffeek\u00fchllagers volle zwei Jahreszyklen zu durchlaufen sind, bevor eine abschlie\u00dfende Optimierung vorgenommen wird und eine Produktreife des Systems erreicht werden kann. Parallel zu dem Aufbau vor Ort werden die Komponenten im Industrie 4.0-Labor der Hochschule Anhalt (inkl. der Akkus, Umrichter, PV-Module, K\u00fchlanlage und L\u00fcfter) aufgebaut um Funktionstests durchzuf\u00fchren und das Zusammenspiel der Schnittstellen zu erproben.<a href=\"https:\/\/es-lab.de\/wp\/wp-content\/uploads\/2018\/06\/BMBF_gef\u00c3\u00b6rdert-vom_deutsch.jpg\"><img decoding=\"async\" loading=\"lazy\" class=\"alignright size-medium wp-image-687\" src=\"https:\/\/es-lab.de\/wp\/wp-content\/uploads\/2018\/06\/BMBF_gef\u00c3\u00b6rdert-vom_deutsch-300x213.jpg\" alt=\"bmbf_gefoerdert-vom_deutsch\" width=\"300\" height=\"213\" \/><\/a><\/p>\n","protected":false},"excerpt":{"rendered":"<p>Thema des Vorhabens SilaaCooling ist die Implementierung einer Langzeitlagerung von biologischen Rohstoffen an den Orten ihrer Erzeugung, am Beispiel von Rohkaffee in der ASEAN-Region. Hierzu soll ein System zur energieautarken Klimatisierung von Lagerh\u00e4usern f\u00fcr biologische Rohstoffe in schwer erreichbaren Gebieten &hellip;<\/p>\n<p class=\"read-more\"> <a class=\"more-link\" href=\"https:\/\/eb-lab.de\/index.php\/studentische-arbeiten-und-projekte\/projekte\/silaacooling-entwicklung-energieautarker-kuehllager-fuer-off-grid-gebiete-der-asean-region\/\"> <span class=\"screen-reader-text\">SilaaCooling: Entwicklung energieautarker K\u00fchllager f\u00fcr off-grid Gebiete der ASEAN Region<\/span> Weiterlesen &raquo;<\/a><\/p>\n","protected":false},"author":1,"featured_media":0,"parent":17,"menu_order":1,"comment_status":"closed","ping_status":"closed","template":"","meta":[],"_links":{"self":[{"href":"https:\/\/eb-lab.de\/index.php\/wp-json\/wp\/v2\/pages\/735"}],"collection":[{"href":"https:\/\/eb-lab.de\/index.php\/wp-json\/wp\/v2\/pages"}],"about":[{"href":"https:\/\/eb-lab.de\/index.php\/wp-json\/wp\/v2\/types\/page"}],"author":[{"embeddable":true,"href":"https:\/\/eb-lab.de\/index.php\/wp-json\/wp\/v2\/users\/1"}],"replies":[{"embeddable":true,"href":"https:\/\/eb-lab.de\/index.php\/wp-json\/wp\/v2\/comments?post=735"}],"version-history":[{"count":0,"href":"https:\/\/eb-lab.de\/index.php\/wp-json\/wp\/v2\/pages\/735\/revisions"}],"up":[{"embeddable":true,"href":"https:\/\/eb-lab.de\/index.php\/wp-json\/wp\/v2\/pages\/17"}],"wp:attachment":[{"href":"https:\/\/eb-lab.de\/index.php\/wp-json\/wp\/v2\/media?parent=735"}],"curies":[{"name":"wp","href":"https:\/\/api.w.org\/{rel}","templated":true}]}}