{"id":542,"date":"2017-12-18T12:25:45","date_gmt":"2017-12-18T12:25:45","guid":{"rendered":"https:\/\/es-lab.de\/wp\/?page_id=542"},"modified":"2025-10-07T13:48:41","modified_gmt":"2025-10-07T12:48:41","slug":"ueberblick-2","status":"publish","type":"page","link":"https:\/\/eb-lab.de\/index.php\/studentische-arbeiten-und-projekte\/projekte\/ueberblick-2\/","title":{"rendered":"\u00dcberblick"},"content":{"rendered":"<h3><span style=\"text-decoration: underline;\">Industrie- und F\u00f6rderprojekte<\/span><\/h3>\n<table style=\"width: 100%; height: 660px;\">\n<tbody>\n<tr style=\"height: 20px;\">\n<td style=\"text-align: center; height: 20px;\"><strong>Titel<\/strong><\/td>\n<td style=\"text-align: center; height: 20px;\"><strong>Beteiligte Partner<\/strong><\/td>\n<td style=\"text-align: center; height: 20px;\"><strong>Start<\/strong><\/td>\n<td style=\"text-align: center; height: 20px;\"><strong>Ende<\/strong><\/td>\n<\/tr>\n<tr style=\"height: 41px;\">\n<td style=\"height: 41px;\"><a href=\"https:\/\/eb-lab.de\/index.php\/studentische-arbeiten-und-projekte\/projekte\/slbasic-dessau-rosslau\/\">SLBasic<\/a>: Entwicklung und Optimierung der SmartLighting Basistechnologie im Stadtgebiet Dessau-Ro\u00dflau<\/td>\n<td style=\"height: 41px;\">Stadt Dessau-Ro\u00dflau<\/td>\n<td style=\"height: 41px;\">1.10.2019<\/td>\n<td style=\"height: 41px;\">31.12.2023<\/td>\n<\/tr>\n<tr style=\"height: 83px;\">\n<td style=\"height: 83px;\"><a href=\"https:\/\/eb-lab.de\/index.php\/studentische-arbeiten-und-projekte\/projekte\/bataway\/\">BATAWAY<\/a>: Entwicklung eines Verfahrens zur gezielten Lenkung des Raumnutzungsverhaltens von Flederm\u00e4usen gegen\u00fcber Windenergieanlagen durch artspezifische Ultraschall-Laute<\/td>\n<td style=\"height: 83px;\">LORICA Energiesysteme GmbH &amp; Co KG, Technikhaus G\u00fcndel, HS-Anhalt FB1, FB6<\/td>\n<td style=\"height: 83px;\">1.6.2019<\/td>\n<td style=\"height: 83px;\">31.10.2022<\/td>\n<\/tr>\n<tr style=\"height: 62px;\">\n<td style=\"height: 62px;\">TRAINS: Wandel zur Technologieregion: Zukunftssicherung der Region Anhalt durch Innovative und Nachhaltige Technologien f\u00fcr Schienenverkehrssysteme<\/td>\n<td style=\"height: 62px;\">10 Industrieunternehmen sowie 8 Hochschulen und Institute<\/td>\n<td style=\"height: 62px;\">1.11.2021<\/td>\n<td style=\"height: 62px;\">31.12.2025<\/td>\n<\/tr>\n<tr style=\"height: 41px;\">\n<td style=\"height: 41px;\">SilaaCooling: <a title=\"SilaaCooling: Entwicklung energieautarker K\u00c3\u00bchllager f\u00c3\u00bcr off-grid Gebiete der ASEAN Region\" href=\"https:\/\/eb-lab.de\/index.php\/studentische-arbeiten-und-projekte\/projekte\/silaacooling-entwicklung-energieautarker-kuehllager-fuer-off-grid-gebiete-der-asean-region\/\">Entwicklung energieautarker K\u00fchllager<\/a> f\u00fcr off-grid Gebiete der ASEAN Region<\/td>\n<td style=\"height: 41px;\">axxeo GmbH, Koralewski oHG, efa Leipzig GmbH, HS-Anhalt<\/td>\n<td style=\"height: 41px;\">1.9.2018<\/td>\n<td style=\"height: 41px;\">31.12.2022<\/td>\n<\/tr>\n<tr style=\"height: 103px;\">\n<td style=\"height: 103px;\">Einrichtung und Nutzbarmachung von Schnittstellen und Technologien des Internet of Things (IoT) f\u00fcr die Steuerung und das Monitoring<br \/>\ngrundlegender Prozessparameter f\u00fcr die <a title=\"IoT-Steuerung f\u00c3\u00bcr die Algenfarm\" href=\"https:\/\/eb-lab.de\/index.php\/studentische-arbeiten-und-projekte\/projekte\/iot-steuerung-fuer-die-algenfarm\/\">industrielle Biomasseproduktion aus Algen<\/a><\/td>\n<td style=\"height: 103px;\">axxeo GmbH, HS-Anhalt FB6, FB7<\/td>\n<td style=\"height: 103px;\">1.1.2018<\/td>\n<td style=\"height: 103px;\">31.12.2020<\/td>\n<\/tr>\n<tr style=\"height: 62px;\">\n<td style=\"height: 62px;\">Entwicklung eines elektronischen Systems f\u00fcr die Fledermausvergr\u00e4mung zur Vermeidung von Kollisionen von Flederm\u00e4usen mit Windkraftanlagen<\/td>\n<td style=\"height: 62px;\">LORICA Energiesysteme GmbH &amp; Co KG, HS-Anhalt<\/td>\n<td style=\"height: 62px;\">1.7.2017<\/td>\n<td style=\"height: 62px;\">28.2.2018<\/td>\n<\/tr>\n<tr style=\"height: 62px;\">\n<td style=\"height: 62px;\">Entwicklung und den Aufbau der Web-Plattform f\u00fcr das geplante Personalentwicklungssystem<\/td>\n<td style=\"height: 62px;\">Fraunhofer-Institut f\u00fcr Mikrostruktur von Werkstoffen und Systemen IMWS<\/td>\n<td style=\"height: 62px;\">1.3.2017<\/td>\n<td style=\"height: 62px;\">31.3.2019<\/td>\n<\/tr>\n<tr style=\"height: 62px;\">\n<td style=\"height: 62px;\">Erprobung einer Ladeinfrastruktur, Betrieb von Elektrofahrzeugen, Evaluierung und Erprobung von Abrechnungssystemen<\/td>\n<td style=\"height: 62px;\">envia Mitteldeutsche Energie AG, Fila-Lab HS-Anhalt<\/td>\n<td style=\"height: 62px;\">1.3.2017<\/td>\n<td style=\"height: 62px;\">31.12.2018<\/td>\n<\/tr>\n<tr style=\"height: 41px;\">\n<td style=\"height: 41px;\">Entwicklung eines modularen WLAN-Moduls f\u00fcr das PAIP-Protokoll<\/td>\n<td style=\"height: 41px;\">IBH-Impex GmbH, HS-Anhalt<\/td>\n<td style=\"height: 41px;\">1.2.2016<\/td>\n<td style=\"height: 41px;\">31.1.2017<\/td>\n<\/tr>\n<tr style=\"height: 83px;\">\n<td style=\"height: 83px;\"><a title=\"SoCiEer: Intelligente Energieerzeugung und Energieverbrauch\" href=\"https:\/\/eb-lab.de\/index.php\/studentische-arbeiten-und-projekte\/projekte\/socieer-intelligente-energieerzeugung-und-energieverbrauch\/\">SoCiEer<\/a>: Energiebilanzoptimierung durch intelligente Steuerung und \u00dcberwachung von dezentralen Energieerzeugungssystemen und Energiespeichern mit &#8222;Low-Cost&#8220; Rechnersystemen<\/td>\n<td style=\"height: 83px;\">axxeo GmbH, Koralewski Industrie Elektronik oHG, PSW-Energiesysteme GmbH, HS-Anhalt<\/td>\n<td style=\"height: 83px;\">1.10.2013<\/td>\n<td style=\"height: 83px;\">31.12.2015<\/td>\n<\/tr>\n<\/tbody>\n<\/table>\n<h3><\/h3>\n<hr \/>\n<h3><span style=\"text-decoration: underline;\">ES-Lab interne Projekte<\/span><\/h3>\n<table>\n<tbody>\n<tr>\n<td style=\"text-align: center;\"><strong>Titel<\/strong><\/td>\n<td style=\"text-align: center;\"><strong>Start<\/strong><\/td>\n<td style=\"text-align: center;\"><strong>Ende<\/strong><\/td>\n<\/tr>\n<tr>\n<td><a title=\"SmartLighting \u00e2\u20ac\u201c Intelligent Energy-saving Street Lighting System\" href=\"https:\/\/eb-lab.de\/index.php\/studentische-arbeiten-und-projekte\/projekte\/autonomes-fahren-und-robotik\/\">SmartLighting<\/a><\/td>\n<td>2015<\/td>\n<td>31.12.2024<\/td>\n<\/tr>\n<tr>\n<td><a title=\"Autonome Fahrzeuge und Robotik\" href=\"https:\/\/es-lab.de\/wp\/studentische-arbeiten-und-projekte\/projekte\/autonomes-fahren-und-robotik\/\">Autonome Fahrzeuge und Robotik<\/a><\/td>\n<td>1.9.2016<\/td>\n<td><\/td>\n<\/tr>\n<\/tbody>\n<\/table>\n","protected":false},"excerpt":{"rendered":"<p>Industrie- und F\u00f6rderprojekte Titel Beteiligte Partner Start Ende SLBasic: Entwicklung und Optimierung der SmartLighting Basistechnologie im Stadtgebiet Dessau-Ro\u00dflau Stadt Dessau-Ro\u00dflau 1.10.2019 31.12.2023 BATAWAY: Entwicklung eines Verfahrens zur gezielten Lenkung des Raumnutzungsverhaltens von Flederm\u00e4usen gegen\u00fcber Windenergieanlagen durch artspezifische Ultraschall-Laute LORICA Energiesysteme &hellip;<\/p>\n<p class=\"read-more\"> <a class=\"more-link\" href=\"https:\/\/eb-lab.de\/index.php\/studentische-arbeiten-und-projekte\/projekte\/ueberblick-2\/\"> <span class=\"screen-reader-text\">\u00dcberblick<\/span> Weiterlesen &raquo;<\/a><\/p>\n","protected":false},"author":1,"featured_media":0,"parent":17,"menu_order":0,"comment_status":"closed","ping_status":"closed","template":"","meta":[],"_links":{"self":[{"href":"https:\/\/eb-lab.de\/index.php\/wp-json\/wp\/v2\/pages\/542"}],"collection":[{"href":"https:\/\/eb-lab.de\/index.php\/wp-json\/wp\/v2\/pages"}],"about":[{"href":"https:\/\/eb-lab.de\/index.php\/wp-json\/wp\/v2\/types\/page"}],"author":[{"embeddable":true,"href":"https:\/\/eb-lab.de\/index.php\/wp-json\/wp\/v2\/users\/1"}],"replies":[{"embeddable":true,"href":"https:\/\/eb-lab.de\/index.php\/wp-json\/wp\/v2\/comments?post=542"}],"version-history":[{"count":3,"href":"https:\/\/eb-lab.de\/index.php\/wp-json\/wp\/v2\/pages\/542\/revisions"}],"predecessor-version":[{"id":2129,"href":"https:\/\/eb-lab.de\/index.php\/wp-json\/wp\/v2\/pages\/542\/revisions\/2129"}],"up":[{"embeddable":true,"href":"https:\/\/eb-lab.de\/index.php\/wp-json\/wp\/v2\/pages\/17"}],"wp:attachment":[{"href":"https:\/\/eb-lab.de\/index.php\/wp-json\/wp\/v2\/media?parent=542"}],"curies":[{"name":"wp","href":"https:\/\/api.w.org\/{rel}","templated":true}]}}