{"id":308,"date":"2017-01-15T16:28:04","date_gmt":"2017-01-15T16:28:04","guid":{"rendered":"https:\/\/es-lab.de\/wp\/?page_id=308"},"modified":"2026-01-12T12:17:40","modified_gmt":"2026-01-12T11:17:40","slug":"prufungen","status":"publish","type":"page","link":"https:\/\/eb-lab.de\/index.php\/pruefungensprechstunde\/prufungen\/","title":{"rendered":"Generelles zu Pr\u00fcfungen"},"content":{"rendered":"<h2><a href=\"https:\/\/eb-lab.de\/index.php\/pruefungensprechstunde\/pruefungsphase-examination-ss-2025\/\">Aktuelle Pr\u00fcfungsphase<\/a><\/h2>\n<h2>Und noch einmal etwas Generelles<\/h2>\n<p>aus gegebenen Anlass m\u00f6chte ich Sie darauf hinweisen, dass in den seit 2012 erlassenen Pr\u00fcfungs- und Studienordnungen f\u00fcr alle Studieng\u00e4nge die Anzahl der Versuche f\u00fcr Leistungsnachweise und Pr\u00fcfungsvorleistungen beschr\u00e4nkt wurde. Diese d\u00fcrfen, wie nicht bestandene Pr\u00fcfungen, nur zweimal wiederholt werden. Die zweite Wiederholungspr\u00fcfung ist immer von zwei Pr\u00fcfern zu bewerten.<\/p>\n<p><strong>Auszug aus der Pr\u00fcfungs- und Studienordnung Bachelor Elektro- und Informationstechnik vom 06.06.2012<\/strong><\/p>\n<ul>\n<li><strong> 19 Wiederholung von Pr\u00fcfungen und Leistungsnachweisen<\/strong><\/li>\n<\/ul>\n<p>(1) Nicht bestandene Pr\u00fcfungen k\u00f6nnen mit Ausnahme von Bachelorarbeit und deren Kolloquium (s. Abschnitt V) zweimal wiederholt werden. Eine zweite Wiederholungspr\u00fcfung ist grunds\u00e4tzlich von zwei Pr\u00fcfern gem\u00e4\u00df \u00a7 7 Absatz 1 zu bewerten.<\/p>\n<p>(2) Leistungsnachweise k\u00f6nnen zweimal wiederholt werden. Im Falle einer zweiten Wiederholung muss diese von zwei Pr\u00fcfungsberechtigten bewertet werden.<\/p>\n<p>Diese Regelung gilt f\u00fcr alle ab 01.10.2012 immatrikulierten Studenten im Direktstudium (Bachelor und Master) und f\u00fcr die Studenten der Masterstudieng\u00e4nge im Fernstudium.<\/p>\n<p>F\u00fcr die Bachelorstudieng\u00e4nge im Fernstudium ist die Anzahl der Versuche von Leistungsnachweisen nicht beschr\u00e4nkt, da die Pr\u00fcfungs- und Studienordnungen aus dem Jahr 2008 sind.<\/p>\n<hr \/>\n<h3 class=\"bodytext\"><b>An- und Abmeldung von Pr\u00fcfungen<\/b><\/h3>\n<p class=\"bodytext\"><strong>Aus immer wieder gegebenem Anlass:<\/strong><br \/>\nAnmeldungen zu Pr\u00fcfungen und Abmeldungen von Pr\u00fcfungen erfolgen regelm\u00e4\u00dfig im QIS. Sollte eine Anmeldung im QIS nicht m\u00f6glich sein, melden Sie sich bitte per E-Mail bei mir an. Beachten Sie die jeweils in den Pr\u00fcfungsordnungen gegebenen Fristen f\u00fcr An- und Abmeldung und halten diese Fristen strikt ein. Ich werde Ausnahmen von diesen Fristen nicht akzeptieren. Bei Nichterscheinen zur Pr\u00fcfung ohne fristgem\u00e4\u00dfe Abmeldung wird die Pr\u00fcfung als &#8222;nicht-bestanden&#8220; bewertet.<\/p>\n<hr \/>\n<h3 class=\"bodytext\"><b>Pr\u00fcfungstermine<\/b><\/h3>\n<p class=\"bodytext\">Pr\u00fcfungstermine werden an der HSA jeweils von den Pr\u00fcfungsaussch\u00fcssen der Fachbereiche festgelegt und auf der Seite der Abteilung f\u00fcr studentische Angelegenheiten (<a class=\"external-link-new-window\" href=\"https:\/\/sscportal.ssc.hs-anhalt.de\/\" target=\"_blank\" rel=\"noopener noreferrer\">hier<\/a>) unter <b>Pr\u00fcfungstermine<\/b>\u00a0 offiziell angek\u00fcndigt. Sie haben (grunds\u00e4tzlich) einen Anspruch auf zwei Pr\u00fcfungstermine pro Jahr. \u00dcblicherweise biete ich jede Pr\u00fcfung dreimal pro Jahr an. Bitte haben Sie Verst\u00e4ndnis daf\u00fcr, da\u00df ich nur in seltenen Ausnahmef\u00e4llen weitere Termine anbieten kann.<\/p>\n<p class=\"bodytext\">Sollten Sie &#8211; aus welchen Gr\u00fcnden auch immer &#8211; einen weiteren Termin ben\u00f6tigen, bin ich &#8211; im Rahmen meiner zeitlichen M\u00f6glichkeiten &#8211; bereit f\u00fcr mehr als zehn Studierende einen weiteren Termin zu planen. ABER: dies ist ein Entgegenkommen meinerseits und begr\u00fcndet keinen Anspruch. Wenn es geht, geht es. Wenn nicht eben nicht.<\/p>\n","protected":false},"excerpt":{"rendered":"<p>Aktuelle Pr\u00fcfungsphase Und noch einmal etwas Generelles aus gegebenen Anlass m\u00f6chte ich Sie darauf hinweisen, dass in den seit 2012 erlassenen Pr\u00fcfungs- und Studienordnungen f\u00fcr alle Studieng\u00e4nge die Anzahl der Versuche f\u00fcr Leistungsnachweise und Pr\u00fcfungsvorleistungen beschr\u00e4nkt wurde. Diese d\u00fcrfen, wie &hellip;<\/p>\n<p class=\"read-more\"> <a class=\"more-link\" href=\"https:\/\/eb-lab.de\/index.php\/pruefungensprechstunde\/prufungen\/\"> <span class=\"screen-reader-text\">Generelles zu Pr\u00fcfungen<\/span> Weiterlesen &raquo;<\/a><\/p>\n","protected":false},"author":1,"featured_media":0,"parent":520,"menu_order":0,"comment_status":"closed","ping_status":"closed","template":"","meta":[],"_links":{"self":[{"href":"https:\/\/eb-lab.de\/index.php\/wp-json\/wp\/v2\/pages\/308"}],"collection":[{"href":"https:\/\/eb-lab.de\/index.php\/wp-json\/wp\/v2\/pages"}],"about":[{"href":"https:\/\/eb-lab.de\/index.php\/wp-json\/wp\/v2\/types\/page"}],"author":[{"embeddable":true,"href":"https:\/\/eb-lab.de\/index.php\/wp-json\/wp\/v2\/users\/1"}],"replies":[{"embeddable":true,"href":"https:\/\/eb-lab.de\/index.php\/wp-json\/wp\/v2\/comments?post=308"}],"version-history":[{"count":2,"href":"https:\/\/eb-lab.de\/index.php\/wp-json\/wp\/v2\/pages\/308\/revisions"}],"predecessor-version":[{"id":2111,"href":"https:\/\/eb-lab.de\/index.php\/wp-json\/wp\/v2\/pages\/308\/revisions\/2111"}],"up":[{"embeddable":true,"href":"https:\/\/eb-lab.de\/index.php\/wp-json\/wp\/v2\/pages\/520"}],"wp:attachment":[{"href":"https:\/\/eb-lab.de\/index.php\/wp-json\/wp\/v2\/media?parent=308"}],"curies":[{"name":"wp","href":"https:\/\/api.w.org\/{rel}","templated":true}]}}