{"id":2183,"date":"2026-01-14T17:10:18","date_gmt":"2026-01-14T16:10:18","guid":{"rendered":"https:\/\/eb-lab.de\/?page_id=2183"},"modified":"2026-03-01T14:21:08","modified_gmt":"2026-03-01T13:21:08","slug":"pruefungsphase-examination-ws-2025-2026","status":"publish","type":"page","link":"https:\/\/eb-lab.de\/index.php\/pruefungensprechstunde\/pruefungsphase-examination-ws-2025-2026\/","title":{"rendered":"Pr\u00fcfungsphase \/ Examination WS 2025\/2026"},"content":{"rendered":"\n<p><\/p>\n\n\n\n<p>Hallo Zusammen,<\/p>\n\n\n\n<p>f\u00fcr die anstehende Pr\u00fcfungsperiode WS 2025\/2026 habe ich unten stehende Auflistung mit den Details zu meinen Pr\u00fcfungen zusammengestellt.<\/p>\n\n\n\n<p><strong>Grunds\u00e4tzlich m\u00fcssen Sie sich im HIS\/EXAR zu Ihrer jeweiligen Pr\u00fcfung ordnungsgem\u00e4\u00df angemeldet haben. Bitte vers\u00e4umen Sie nicht die Anmeldefrist!!<\/strong> <strong>.<\/strong><\/p>\n\n\n\n<p><strong>Wenn Sie sich nicht im HIS angemeldet haben, kann keine Pr\u00fcfung&nbsp;stattfinden<\/strong>!!<\/p>\n\n\n\n<p><strong>You have to register for each Exam before hand in the HIS.<\/strong><\/p>\n\n\n\n<p><strong>If you have not registered in HIS or delivered a form-sheet to me in advance, there will be no exam!!<\/strong><\/p>\n\n\n\n<ul>\n<li><strong>Realtime-System<\/strong> (excl. Erasmus students): 19.3.2026 oral exam -> Please use the following <a href=\"https:\/\/terminplaner6.dfn.de\/p\/b0e46e5d432f786edaf39d57c456e2a7-1636247\">Link <\/a>for booking your time-slot<\/li>\n\n\n\n<li><strong>Realtime-System<\/strong> (for Erasmus students): 19.2.2026 oral exam -&gt; Please use the following <a href=\"https:\/\/terminplaner6.dfn.de\/de\/p\/9547b73bc039e372debe43dd3dcf64ac-1560991\">Link<\/a> for booking your time-slot<\/li>\n\n\n\n<li><strong>Systemprogramming\/Operatingsystem<\/strong>: 4.2.2026 oral exam -&gt; Please use the following <a href=\"https:\/\/terminplaner6.dfn.de\/de\/p\/01853bbd1b0c0f46a43ed2f6cfed54b5-1560971\">Link<\/a> for booking your time-slot<\/li>\n\n\n\n<li><strong>Hardware-\/Software-CoDesign<\/strong>: Defense of your project work: 26.3.2026 at 10:00 Uhr in 01\/221<\/li>\n\n\n\n<li><strong>Microcontroller<\/strong>: Klausur am 6.2.2026 12:30 Uhr in 01\/216<\/li>\n\n\n\n<li>Students, who failed in previous exam should contact me for individual schedule by eMail.<\/li>\n<\/ul>\n\n\n\n<p>Best regards and good Luck<\/p>\n\n\n\n<p>Ingo Chmielewski<\/p>\n","protected":false},"excerpt":{"rendered":"<p>Hallo Zusammen, f\u00fcr die anstehende Pr\u00fcfungsperiode WS 2025\/2026 habe ich unten stehende Auflistung mit den Details zu meinen Pr\u00fcfungen zusammengestellt. Grunds\u00e4tzlich m\u00fcssen Sie sich im HIS\/EXAR zu Ihrer jeweiligen Pr\u00fcfung ordnungsgem\u00e4\u00df angemeldet haben. Bitte vers\u00e4umen Sie nicht die Anmeldefrist!! . &hellip;<\/p>\n<p class=\"read-more\"> <a class=\"more-link\" href=\"https:\/\/eb-lab.de\/index.php\/pruefungensprechstunde\/pruefungsphase-examination-ws-2025-2026\/\"> <span class=\"screen-reader-text\">Pr\u00fcfungsphase \/ Examination WS 2025\/2026<\/span> Weiterlesen &raquo;<\/a><\/p>\n","protected":false},"author":1,"featured_media":0,"parent":520,"menu_order":0,"comment_status":"closed","ping_status":"closed","template":"","meta":[],"_links":{"self":[{"href":"https:\/\/eb-lab.de\/index.php\/wp-json\/wp\/v2\/pages\/2183"}],"collection":[{"href":"https:\/\/eb-lab.de\/index.php\/wp-json\/wp\/v2\/pages"}],"about":[{"href":"https:\/\/eb-lab.de\/index.php\/wp-json\/wp\/v2\/types\/page"}],"author":[{"embeddable":true,"href":"https:\/\/eb-lab.de\/index.php\/wp-json\/wp\/v2\/users\/1"}],"replies":[{"embeddable":true,"href":"https:\/\/eb-lab.de\/index.php\/wp-json\/wp\/v2\/comments?post=2183"}],"version-history":[{"count":8,"href":"https:\/\/eb-lab.de\/index.php\/wp-json\/wp\/v2\/pages\/2183\/revisions"}],"predecessor-version":[{"id":2201,"href":"https:\/\/eb-lab.de\/index.php\/wp-json\/wp\/v2\/pages\/2183\/revisions\/2201"}],"up":[{"embeddable":true,"href":"https:\/\/eb-lab.de\/index.php\/wp-json\/wp\/v2\/pages\/520"}],"wp:attachment":[{"href":"https:\/\/eb-lab.de\/index.php\/wp-json\/wp\/v2\/media?parent=2183"}],"curies":[{"name":"wp","href":"https:\/\/api.w.org\/{rel}","templated":true}]}}