{"id":2048,"date":"2025-06-27T06:24:51","date_gmt":"2025-06-27T06:24:51","guid":{"rendered":"https:\/\/es-lab.de\/wp\/?page_id=2048"},"modified":"2025-06-27T06:24:51","modified_gmt":"2025-06-27T06:24:51","slug":"pruefungsphase-examination-ss-2025","status":"publish","type":"page","link":"https:\/\/eb-lab.de\/index.php\/pruefungensprechstunde\/pruefungsphase-examination-ss-2025\/","title":{"rendered":"Pr\u00fcfungsphase\/Examination SS 2025"},"content":{"rendered":"\n<p>Hallo Zusammen,<\/p>\n\n\n\n<p>f\u00fcr die anstehende Pr\u00fcfungsperiode SS 2025 habe ich unten stehende Auflistung mit den Details zu meinen Pr\u00fcfungen zusammengestellt.<\/p>\n\n\n\n<p><strong>Grunds\u00e4tzlich m\u00fcssen Sie sich im HIS bzw. im EXA zu Ihrer jeweiligen Pr\u00fcfung ordnungsgem\u00e4\u00df angemeldet haben. Bitte vers\u00e4umen Sie nicht die Anmeldefrist!!<\/strong>&nbsp;<strong>Falls Sie sich nicht anmelden k\u00f6nnen, bitte ich um ein vollst\u00e4ndig ausgef\u00fclltes Formblatt 7 Tage vor der Pr\u00fcfung mir per eMail zu schicken.<\/strong><\/p>\n\n\n\n<p><strong>Wenn Sie sich nicht angemeldet haben, kann keine Pr\u00fcfung&nbsp;stattfinden<\/strong>!!<\/p>\n\n\n\n<p><strong>You have to register for each Exam before hand in the HIS or EXA. If you cannot register, I expect a full filled exam-registration paper 7 days before the exam per eMail.<\/strong><\/p>\n\n\n\n<p><strong>If you have not registered or delivered a form-sheet to me in advance, there will be no exam!!<\/strong><\/p>\n\n\n\n<ul>\n<li><strong>Realtime-System<\/strong>: Oral exam on 24th of Sep. from 10:00 Uhr onward in 01\/k31<\/li>\n\n\n\n<li><strong>Systemprogramming<\/strong>: Oral exam on 24th of Sep. from 10:00 Uhr onward in 01\/k31<\/li>\n\n\n\n<li><strong>Software-Design (MET\/MBE)<\/strong>: Written exam on 29th of Sep. at 10:00 Uhr in 01\/k32<\/li>\n\n\n\n<li><strong>Software-Design (Erasmus)<\/strong>: Written exam on 11th of July at 10:00 Uhr in 01\/k32<\/li>\n\n\n\n<li><strong>Internet-Security (MET\/MBE):<\/strong> <mark style=\"background-color:rgba(0, 0, 0, 0)\" class=\"has-inline-color has-vivid-red-color\">Project Defense on 17th <s>18th\/19th<\/s> September:<\/mark> Please book a time-slot<a href=\"https:\/\/terminplaner6.dfn.de\/de\/p\/5ef449632667956a8d3d82d95d944bb4-1335413\" data-type=\"URL\" data-id=\"https:\/\/terminplaner6.dfn.de\/de\/p\/5ef449632667956a8d3d82d95d944bb4-1335413\"> here<\/a><\/li>\n\n\n\n<li><strong>Internet-Security (Erasmus)<\/strong>: Project Defense on 10th of July at 10:00 Uhr in 01\/k31<\/li>\n\n\n\n<li><strong>Datenschutz\/Datensicherheit (INS)<\/strong>: Projektverteidigung am 23.9.: Bitte buchen Sie einen passen Zeitslot<a href=\"https:\/\/terminplaner6.dfn.de\/de\/p\/8e678af0dfb5a6181c0a4f3e9b46710c-1335435\" data-type=\"URL\" data-id=\"https:\/\/terminplaner6.dfn.de\/de\/p\/8e678af0dfb5a6181c0a4f3e9b46710c-1335435\"> hier<\/a><\/li>\n\n\n\n<li><strong>Bussysteme (EIT)<\/strong>: 1.10. ab 10:00 Uhr im 01\/k31.<\/li>\n\n\n\n<li>Students, who failed in previous exam should contact me for individual schedule by eMail.<\/li>\n<\/ul>\n\n\n\n<p>Best regards and good Luck<\/p>\n\n\n\n<p>Ingo Chmielewski<\/p>\n","protected":false},"excerpt":{"rendered":"<p>Hallo Zusammen, f\u00fcr die anstehende Pr\u00fcfungsperiode SS 2025 habe ich unten stehende Auflistung mit den Details zu meinen Pr\u00fcfungen zusammengestellt. Grunds\u00e4tzlich m\u00fcssen Sie sich im HIS bzw. im EXA zu Ihrer jeweiligen Pr\u00fcfung ordnungsgem\u00e4\u00df angemeldet haben. Bitte vers\u00e4umen Sie nicht &hellip;<\/p>\n<p class=\"read-more\"> <a class=\"more-link\" href=\"https:\/\/eb-lab.de\/index.php\/pruefungensprechstunde\/pruefungsphase-examination-ss-2025\/\"> <span class=\"screen-reader-text\">Pr\u00fcfungsphase\/Examination SS 2025<\/span> Weiterlesen &raquo;<\/a><\/p>\n","protected":false},"author":1,"featured_media":0,"parent":520,"menu_order":0,"comment_status":"closed","ping_status":"closed","template":"","meta":[],"_links":{"self":[{"href":"https:\/\/eb-lab.de\/index.php\/wp-json\/wp\/v2\/pages\/2048"}],"collection":[{"href":"https:\/\/eb-lab.de\/index.php\/wp-json\/wp\/v2\/pages"}],"about":[{"href":"https:\/\/eb-lab.de\/index.php\/wp-json\/wp\/v2\/types\/page"}],"author":[{"embeddable":true,"href":"https:\/\/eb-lab.de\/index.php\/wp-json\/wp\/v2\/users\/1"}],"replies":[{"embeddable":true,"href":"https:\/\/eb-lab.de\/index.php\/wp-json\/wp\/v2\/comments?post=2048"}],"version-history":[{"count":0,"href":"https:\/\/eb-lab.de\/index.php\/wp-json\/wp\/v2\/pages\/2048\/revisions"}],"up":[{"embeddable":true,"href":"https:\/\/eb-lab.de\/index.php\/wp-json\/wp\/v2\/pages\/520"}],"wp:attachment":[{"href":"https:\/\/eb-lab.de\/index.php\/wp-json\/wp\/v2\/media?parent=2048"}],"curies":[{"name":"wp","href":"https:\/\/api.w.org\/{rel}","templated":true}]}}