{"id":1982,"date":"2025-01-21T12:44:38","date_gmt":"2025-01-21T12:44:38","guid":{"rendered":"https:\/\/es-lab.de\/wp\/?page_id=1982"},"modified":"2025-01-21T12:44:38","modified_gmt":"2025-01-21T12:44:38","slug":"pruefungsphase-examination-ws2024-2025","status":"publish","type":"page","link":"https:\/\/eb-lab.de\/index.php\/pruefungensprechstunde\/pruefungsphase-examination-ws2024-2025\/","title":{"rendered":"Update: Pr\u00fcfungsphase \/ Examination WS2024\/2025"},"content":{"rendered":"\n<p>Hallo Zusammen,<\/p>\n\n\n\n<p>f\u00fcr die anstehende Pr\u00fcfungsperiode WS 2024\/2025 habe ich unten stehende Auflistung mit den Details zu meinen Pr\u00fcfungen zusammengestellt.<\/p>\n\n\n\n<p><strong>Grunds\u00e4tzlich m\u00fcssen Sie sich im HIS zu Ihrer jeweiligen Pr\u00fcfung ordnungsgem\u00e4\u00df angemeldet haben. Bitte vers\u00e4umen Sie nicht die Anmeldefrist!!<\/strong> <strong>Falls Sie sich nicht im HIS anmelden k\u00f6nnen, bitte ich um ein vollst\u00e4ndig ausgef\u00fclltes Formblatt 7 Tage vor der Pr\u00fcfung mir per eMail zu schicken.<\/strong><\/p>\n\n\n\n<p><strong>Wenn Sie sich nicht im HIS angemeldet haben, kann keine Pr\u00fcfung&nbsp;stattfinden<\/strong>!!<\/p>\n\n\n\n<p><strong>You have to register for each Exam before hand in the HIS. If you cannot register in HIS, I expect a full filled exam-registration paper 7 days before the exam per eMail.<\/strong><\/p>\n\n\n\n<p><strong>If you have not registered in HIS or delivered a form-sheet to me in advance, there will be no exam!!<\/strong><\/p>\n\n\n\n<ul>\n<li><strong>Realtime-System<\/strong>: 18.3.2025 oral exam -&gt; Please register a time-slot at this <a href=\"https:\/\/terminplaner6.dfn.de\/de\/p\/e13e2a32c6c1df55c9d9c3ad475813ca-1056186\" target=\"_blank\" rel=\"noreferrer noopener\">Link<\/a><\/li>\n\n\n\n<li><s><strong>Systemprogramming<\/strong>: 6.2.2025 oral exam -&gt; Please register a time-slot at this <a rel=\"noreferrer noopener\" href=\"https:\/\/terminplaner6.dfn.de\/de\/p\/a3d1b082e3017d6bf6e2d98ba7d1d485-1056197\" target=\"_blank\">Link<\/a><\/s><\/li>\n\n\n\n<li><strong>Hardware-\/Software-CoDesign<\/strong>: 17.3.2025 delivery of presentation documents (send pdf via eMail); 19.3.2025 8:30 Uhr defense of your project in room 01\/221<\/li>\n\n\n\n<li><s><strong>Microcontroller<\/strong>: 7.2.2025 8:00 Uhr in 01\/216<\/s><\/li>\n\n\n\n<li><s><strong>Software-Design<\/strong>: 5.3.2025 16:00 Uhr in 01\/k32<\/s><\/li>\n\n\n\n<li>Students, who failed in previous exam should contact me for individual schedule by eMail.<\/li>\n<\/ul>\n\n\n\n<p>Best regards and good Luck<\/p>\n\n\n\n<p>Ingo Chmielewski<\/p>\n","protected":false},"excerpt":{"rendered":"<p>Hallo Zusammen, f\u00fcr die anstehende Pr\u00fcfungsperiode WS 2024\/2025 habe ich unten stehende Auflistung mit den Details zu meinen Pr\u00fcfungen zusammengestellt. Grunds\u00e4tzlich m\u00fcssen Sie sich im HIS zu Ihrer jeweiligen Pr\u00fcfung ordnungsgem\u00e4\u00df angemeldet haben. Bitte vers\u00e4umen Sie nicht die Anmeldefrist!! Falls &hellip;<\/p>\n<p class=\"read-more\"> <a class=\"more-link\" href=\"https:\/\/eb-lab.de\/index.php\/pruefungensprechstunde\/pruefungsphase-examination-ws2024-2025\/\"> <span class=\"screen-reader-text\">Update: Pr\u00fcfungsphase \/ Examination WS2024\/2025<\/span> Weiterlesen &raquo;<\/a><\/p>\n","protected":false},"author":1,"featured_media":0,"parent":520,"menu_order":0,"comment_status":"closed","ping_status":"closed","template":"","meta":[],"_links":{"self":[{"href":"https:\/\/eb-lab.de\/index.php\/wp-json\/wp\/v2\/pages\/1982"}],"collection":[{"href":"https:\/\/eb-lab.de\/index.php\/wp-json\/wp\/v2\/pages"}],"about":[{"href":"https:\/\/eb-lab.de\/index.php\/wp-json\/wp\/v2\/types\/page"}],"author":[{"embeddable":true,"href":"https:\/\/eb-lab.de\/index.php\/wp-json\/wp\/v2\/users\/1"}],"replies":[{"embeddable":true,"href":"https:\/\/eb-lab.de\/index.php\/wp-json\/wp\/v2\/comments?post=1982"}],"version-history":[{"count":0,"href":"https:\/\/eb-lab.de\/index.php\/wp-json\/wp\/v2\/pages\/1982\/revisions"}],"up":[{"embeddable":true,"href":"https:\/\/eb-lab.de\/index.php\/wp-json\/wp\/v2\/pages\/520"}],"wp:attachment":[{"href":"https:\/\/eb-lab.de\/index.php\/wp-json\/wp\/v2\/media?parent=1982"}],"curies":[{"name":"wp","href":"https:\/\/api.w.org\/{rel}","templated":true}]}}