{"id":1888,"date":"2024-07-09T08:02:37","date_gmt":"2024-07-09T08:02:37","guid":{"rendered":"https:\/\/es-lab.de\/wp\/?page_id=1888"},"modified":"2024-07-09T08:02:37","modified_gmt":"2024-07-09T08:02:37","slug":"pruefungsphase-examination-ss-2024","status":"publish","type":"page","link":"https:\/\/eb-lab.de\/index.php\/pruefungensprechstunde\/pruefungsphase-examination-ss-2024\/","title":{"rendered":"Pr\u00fcfungsphase \/ Examination SS 2024"},"content":{"rendered":"\n<p>Hallo Zusammen,<\/p>\n\n\n\n<p>f\u00fcr die anstehende Pr\u00fcfungsperiode SS 2024 habe ich unten stehende Auflistung mit den Details zu meinen Pr\u00fcfungen zusammengestellt.<\/p>\n\n\n\n<p><strong>Grunds\u00e4tzlich m\u00fcssen Sie sich im HIS zu Ihrer jeweiligen Pr\u00fcfung ordnungsgem\u00e4\u00df angemeldet haben. Bitte vers\u00e4umen Sie nicht die Anmeldefrist!!<\/strong><\/p>\n\n\n\n<p><strong>Wenn Sie sich nicht im HIS angemeldet haben, kann keine Pr\u00fcfung&nbsp;stattfinden<\/strong>!!<\/p>\n\n\n\n<p><strong>If you have not registered in HIS, there will be no exam!!<\/strong><\/p>\n\n\n\n<ul><li><strong>Realtime-System<\/strong>: oral exam -> Please contact me via eMail for individual schedule<\/li><li><strong>Systemprogramming<\/strong>: 24.7.2024 from 15:00 Uhr onward in 01\/k31, oral exam -> Please contact me via eMail for individual time-slot<\/li><li><strong>Hardware-\/Software-CoDesign<\/strong>: 11.7.2024 from 13:30 Uhr onward in 01\/221-> Presentation of your individual project work<\/li><li><strong>Microcontroller<\/strong>\u00a0(Nachholer): M\u00fcndliche Pr\u00fcfung -> Bitte kontaktieren Sie mich bzgl. einer Terminabsprache<\/li><li><strong>Bussysteme<\/strong>: <span class=\"has-inline-color has-vivid-red-color\"><s>30.9.2024 in 01\/k31: Pr\u00e4sentation Ihrer Abschlussarbeit. Genauerer Termininfo folgt noch<\/s> <\/span>Neuer Termin: 2.10.2024 im 01\/k31: Pr\u00e4sentation Ihrer Abschlussarbeit<\/li><li><strong>Software-Design<\/strong>\u00a0(MBE and others): 24.7.2024 13:00 Uhr in 01\/216 -> Written exam<br><strong><span class=\"has-inline-color has-vivid-red-color\">For MBE students there is no possibility to register at HIS. Please bring to the exam a complete filled out registration form-sheet.<\/span><\/strong><\/li><li><strong>Internetsicherheit\/Datenschutz\/Datensicherheit<\/strong> (Erasmus): <span class=\"has-inline-color has-vivid-red-color\"><strong>Update:<s> 19.7.2024 9:00 Uhr in 01\/k31<\/s> 26.7.2024 in 01\/k31.<\/strong><\/span> Please use the following <a href=\"https:\/\/terminplaner6.dfn.de\/de\/p\/df89c834b12745ae28906132faecdb15-813604\">Link<\/a> to book a time slot for your presentation.<\/li><li><strong>Internetsicherheit\/Datenschutz\/Datensicherheit<\/strong> (IMS4): 23.9.2024 in 01\/k31 -> Bitte buchen Sie f\u00fcr die Verteidigung Ihrer Projektarbeit <strong>einen Zeitslot<\/strong> unter folgender <a href=\"https:\/\/terminplaner6.dfn.de\/de\/p\/9f85c1a43c89fc2abbd503b5220034ba-813699\">URL<\/a>.<\/li><li><strong>Internetsicherheit\/Datenschutz\/Datensicherheit<\/strong> (MET\/MBE\/others): 26.9.2024 in 01\/k31 -> Please book <strong>ONE<\/strong> time slot per group with <strong>ONE<\/strong> name of a member of the group by using this <a rel=\"noreferrer noopener\" href=\"https:\/\/terminplaner6.dfn.de\/de\/p\/f41ce1329caa10d4bb60d6f0f9c51944-807887\" target=\"_blank\">link<\/a><\/li><\/ul>\n\n\n\n<p>Best regards and good Luck<\/p>\n\n\n\n<p>Ingo Chmielewski<\/p>\n","protected":false},"excerpt":{"rendered":"<p>Hallo Zusammen, f\u00fcr die anstehende Pr\u00fcfungsperiode SS 2024 habe ich unten stehende Auflistung mit den Details zu meinen Pr\u00fcfungen zusammengestellt. Grunds\u00e4tzlich m\u00fcssen Sie sich im HIS zu Ihrer jeweiligen Pr\u00fcfung ordnungsgem\u00e4\u00df angemeldet haben. Bitte vers\u00e4umen Sie nicht die Anmeldefrist!! Wenn &hellip;<\/p>\n<p class=\"read-more\"> <a class=\"more-link\" href=\"https:\/\/eb-lab.de\/index.php\/pruefungensprechstunde\/pruefungsphase-examination-ss-2024\/\"> <span class=\"screen-reader-text\">Pr\u00fcfungsphase \/ Examination SS 2024<\/span> Weiterlesen &raquo;<\/a><\/p>\n","protected":false},"author":1,"featured_media":0,"parent":520,"menu_order":1,"comment_status":"closed","ping_status":"closed","template":"","meta":[],"_links":{"self":[{"href":"https:\/\/eb-lab.de\/index.php\/wp-json\/wp\/v2\/pages\/1888"}],"collection":[{"href":"https:\/\/eb-lab.de\/index.php\/wp-json\/wp\/v2\/pages"}],"about":[{"href":"https:\/\/eb-lab.de\/index.php\/wp-json\/wp\/v2\/types\/page"}],"author":[{"embeddable":true,"href":"https:\/\/eb-lab.de\/index.php\/wp-json\/wp\/v2\/users\/1"}],"replies":[{"embeddable":true,"href":"https:\/\/eb-lab.de\/index.php\/wp-json\/wp\/v2\/comments?post=1888"}],"version-history":[{"count":0,"href":"https:\/\/eb-lab.de\/index.php\/wp-json\/wp\/v2\/pages\/1888\/revisions"}],"up":[{"embeddable":true,"href":"https:\/\/eb-lab.de\/index.php\/wp-json\/wp\/v2\/pages\/520"}],"wp:attachment":[{"href":"https:\/\/eb-lab.de\/index.php\/wp-json\/wp\/v2\/media?parent=1888"}],"curies":[{"name":"wp","href":"https:\/\/api.w.org\/{rel}","templated":true}]}}