{"id":1715,"date":"2023-07-04T09:17:04","date_gmt":"2023-07-04T09:17:04","guid":{"rendered":"https:\/\/es-lab.de\/wp\/?page_id=1715"},"modified":"2023-07-04T09:17:04","modified_gmt":"2023-07-04T09:17:04","slug":"pruefungsphase-examination-ss-2023","status":"publish","type":"page","link":"https:\/\/eb-lab.de\/index.php\/pruefungensprechstunde\/pruefungsphase-examination-ss-2023\/","title":{"rendered":"Update: Pr\u00fcfungsphase \/ Examination SS 2023"},"content":{"rendered":"\n<p>Hallo Zusammen,<\/p>\n\n\n\n<p>f\u00fcr die anstehende Pr\u00fcfungsperiode SS2023 habe ich unten stehende Auflistung mit den Details zu meinen Pr\u00fcfungen zusammengestellt.<\/p>\n\n\n\n<p><strong>Grunds\u00e4tzlich m\u00fcssen Sie sich im HIS zu Ihrer jeweiligen Pr\u00fcfung ordnungsgem\u00e4\u00df angemeldet haben. Bitte vers\u00e4umen Sie nicht die Anmeldefrist!!&nbsp;Wenn&nbsp;Sie&nbsp;nicht&nbsp;registriert&nbsp;sind,&nbsp;werden&nbsp;wir&nbsp;keine&nbsp;Pr\u00fcfung&nbsp;mit&nbsp;Ihnen&nbsp;durchf\u00fchren.<\/strong><\/p>\n\n\n\n<p><strong>In addition to below, you have to register yourself in the HIS for each individual exam. Do not miss this registration !! If you are not registered, the exam will not take place.<\/strong><\/p>\n\n\n\n<ul><li><strong>Realtime-System<\/strong>: Please reserve a Time-Slot for the oral exam. The Link can be found <a href=\"https:\/\/terminplaner6.dfn.de\/p\/7a20da43392ae7bc754d97a7a005c7f5-371507\">here<\/a>.<\/li><li><strong>Systemprogramming<\/strong>: Please reserve a Time-Slot for the oral exam. The Link can be found <a href=\"https:\/\/terminplaner6.dfn.de\/p\/7a20da43392ae7bc754d97a7a005c7f5-371507\">here<\/a>.<\/li><li><strong>Datenschutz \/ Datensicherheit (IMS\/EIT)<\/strong>: 21.9.2023 -> Bitte reservieren Sie eine Zeitslot f\u00fcr Ihre Gruppe mit einem Namen aus Ihrer Gruppe. Hier ist der <a href=\"https:\/\/terminplaner6.dfn.de\/p\/dee90e364e440d26c5d67807b6a681df-313713\">Link<\/a><\/li><li><strong>Software-Design<\/strong>: 19.7.2023 8:30 Uhr in 01\/k32 -> Klausur (written exam)<\/li><li><strong>Internet-Security<\/strong> <strong>(MET)<\/strong>: 21.7.2023  in 01\/k31 -> Please reserve<strong> one time-slot per group<\/strong> by using this <a href=\"https:\/\/terminplaner6.dfn.de\/p\/afa0a7916f44b25bfea37a82fa4e93eb-313749\">link<\/a>. Scheme for marks in the exam can be found <a href=\"https:\/\/fb-emw.de\/s\/7xTyYJo3rtcbjA4\">here<\/a>.<\/li><li><strong>Programmierung eingebetter Systeme<\/strong>: 20.9.2023 -> Bitte kontaktieren Sie mich via eMail bzgl. einer Uhrzeit<\/li><li><strong>Microcontroller (EIT\/MT 2012 und sonstige Nachholer)<\/strong>: M\u00fcndliche Pr\u00fcfung. Bitte kontaktieren Sie mich bzgl. einer Terminabsprache<\/li><li><strong>Bussysteme (neuere Pr\u00fcfungsordnung als 2012)<\/strong>: 27.7.2023<span class=\"has-inline-color has-black-color\">. Bitte kontaktieren Sie Herrn M\u00fcller bzgl. einer Terminabsprache<\/span><\/li><\/ul>\n\n\n\n<p>Viel Gl\u00fcck bei Ihren Vorbereitungen und der Pr\u00fcfung selbst.<\/p>\n","protected":false},"excerpt":{"rendered":"<p>Hallo Zusammen, f\u00fcr die anstehende Pr\u00fcfungsperiode SS2023 habe ich unten stehende Auflistung mit den Details zu meinen Pr\u00fcfungen zusammengestellt. Grunds\u00e4tzlich m\u00fcssen Sie sich im HIS zu Ihrer jeweiligen Pr\u00fcfung ordnungsgem\u00e4\u00df angemeldet haben. Bitte vers\u00e4umen Sie nicht die Anmeldefrist!!&nbsp;Wenn&nbsp;Sie&nbsp;nicht&nbsp;registriert&nbsp;sind,&nbsp;werden&nbsp;wir&nbsp;keine&nbsp;Pr\u00fcfung&nbsp;mit&nbsp;Ihnen&nbsp;durchf\u00fchren. In addition &hellip;<\/p>\n<p class=\"read-more\"> <a class=\"more-link\" href=\"https:\/\/eb-lab.de\/index.php\/pruefungensprechstunde\/pruefungsphase-examination-ss-2023\/\"> <span class=\"screen-reader-text\">Update: Pr\u00fcfungsphase \/ Examination SS 2023<\/span> Weiterlesen &raquo;<\/a><\/p>\n","protected":false},"author":1,"featured_media":0,"parent":520,"menu_order":3,"comment_status":"closed","ping_status":"closed","template":"","meta":[],"_links":{"self":[{"href":"https:\/\/eb-lab.de\/index.php\/wp-json\/wp\/v2\/pages\/1715"}],"collection":[{"href":"https:\/\/eb-lab.de\/index.php\/wp-json\/wp\/v2\/pages"}],"about":[{"href":"https:\/\/eb-lab.de\/index.php\/wp-json\/wp\/v2\/types\/page"}],"author":[{"embeddable":true,"href":"https:\/\/eb-lab.de\/index.php\/wp-json\/wp\/v2\/users\/1"}],"replies":[{"embeddable":true,"href":"https:\/\/eb-lab.de\/index.php\/wp-json\/wp\/v2\/comments?post=1715"}],"version-history":[{"count":0,"href":"https:\/\/eb-lab.de\/index.php\/wp-json\/wp\/v2\/pages\/1715\/revisions"}],"up":[{"embeddable":true,"href":"https:\/\/eb-lab.de\/index.php\/wp-json\/wp\/v2\/pages\/520"}],"wp:attachment":[{"href":"https:\/\/eb-lab.de\/index.php\/wp-json\/wp\/v2\/media?parent=1715"}],"curies":[{"name":"wp","href":"https:\/\/api.w.org\/{rel}","templated":true}]}}