{"id":17,"date":"2016-02-07T14:21:40","date_gmt":"2016-02-07T14:21:40","guid":{"rendered":"https:\/\/es-lab.de\/wp\/?page_id=17"},"modified":"2025-10-07T13:43:34","modified_gmt":"2025-10-07T12:43:34","slug":"projekte","status":"publish","type":"page","link":"https:\/\/eb-lab.de\/index.php\/studentische-arbeiten-und-projekte\/projekte\/","title":{"rendered":"Projekte"},"content":{"rendered":"<h3><a title=\"\u00c3\u0153berblick\" href=\"https:\/\/eb-lab.de\/index.php\/studentische-arbeiten-und-projekte\/projekte\/ueberblic\"><span style=\"text-decoration: underline;\">\u00dcberblick<\/span><\/a><\/h3>\n<h3><a href=\"https:\/\/eb-lab.de\/index.php\/studentische-arbeiten-und-projekte\/projekte\/slbasic-dessau-r\">SLBasic: Entwicklung und Optimierung der SmartLighting Basistechnologie im Stadtgebiet Dessau-Ro\u00dflau<\/a><\/h3>\n<h3 class=\"entry-title post-title\"><span style=\"text-decoration: underline;\"><a href=\"https:\/\/eb-lab.de\/index.php\/studentische-arbeiten-und-projekte\/projekte\/bataway\/\">BATAWAY: Entwicklung eines Verfahrens zur gezielten Lenkung des Raumnutzungsverhaltens von Flederm\u00e4usen gegen\u00fcber Windenergieanlagen durch artspezifische Ultraschall-Laute<\/a><\/span><\/h3>\n<h3><span style=\"text-decoration: underline;\">TRAINS: Wandel zur Technologieregion: Zukunftssicherung der Region Anhalt durch Innovative und Nachhaltige Technologien f\u00fcr Schienenverkehrssysteme<\/span><\/h3>\n<h3><span style=\"text-decoration: underline;\"><a title=\"SilaaCooling: Entwicklung energieautarker K\u00c3\u00bchllager f\u00c3\u00bcr off-grid Gebiete der ASEAN Region\" href=\"https:\/\/eb-lab.de\/index.php\/studentische-arbeiten-und-projekte\/projekte\/silaacooling-entwicklung-energieautarker-kuehllager-fuer-off-grid-gebiete-der-asean-region\/\">SilaaCooling: Entwicklung energieautarker K\u00fchllager f\u00fcr off-grid Gebiete der ASEAN Region<\/a><\/span><\/h3>\n<h3><span style=\"text-decoration: underline;\"><a title=\"IoT-Steuerung f\u00c3\u00bcr die Algenfarm\" href=\"https:\/\/eb-lab.de\/index.php\/studentische-arbeiten-und-projekte\/projekte\/iot-steuerung-fuer-die-algenfarm\/\">IoT-Steuerung f\u00fcr die Algenproduktion<\/a><\/span><\/h3>\n<h3><a title=\"SmartLighting \u00e2\u20ac\u201c Intelligent Energy-saving Street Lighting System\" href=\"https:\/\/eb-lab.de\/index.php\/studentische-arbeiten-und-projekte\/projekte\/smartlighting-intelligent-energy-saving-street-lighting-sys\"><span style=\"text-decoration: underline;\">SmartLighting<\/span><\/a><\/h3>\n<h3><a title=\"SoCiEer: Intelligente Energieerzeugung und dessen Verbrauch\" href=\"https:\/\/eb-lab.de\/index.php\/studentische-arbeiten-und-projekte\/projekte\/socieer-intelligente-energieerzeugung-und-energieverbrauch\/\"><span style=\"text-decoration: underline;\">SoCiEer<\/span><\/a><\/h3>\n<h3><a href=\"https:\/\/eb-lab.de\/index.php\/studentische-arbeiten-und-projekte\/projekte\/autonomes-fahren-und-robotik\/\"><span style=\"text-decoration: underline;\">Autonome Fahrzeuge und Robotik<\/span><\/a><\/h3>\n<h3><\/h3>\n","protected":false},"excerpt":{"rendered":"<p>\u00dcberblick SLBasic: Entwicklung und Optimierung der SmartLighting Basistechnologie im Stadtgebiet Dessau-Ro\u00dflau BATAWAY: Entwicklung eines Verfahrens zur gezielten Lenkung des Raumnutzungsverhaltens von Flederm\u00e4usen gegen\u00fcber Windenergieanlagen durch artspezifische Ultraschall-Laute TRAINS: Wandel zur Technologieregion: Zukunftssicherung der Region Anhalt durch Innovative und Nachhaltige Technologien &hellip;<\/p>\n<p class=\"read-more\"> <a class=\"more-link\" href=\"https:\/\/eb-lab.de\/index.php\/studentische-arbeiten-und-projekte\/projekte\/\"> <span class=\"screen-reader-text\">Projekte<\/span> Weiterlesen &raquo;<\/a><\/p>\n","protected":false},"author":1,"featured_media":0,"parent":2043,"menu_order":0,"comment_status":"closed","ping_status":"open","template":"","meta":[],"_links":{"self":[{"href":"https:\/\/eb-lab.de\/index.php\/wp-json\/wp\/v2\/pages\/17"}],"collection":[{"href":"https:\/\/eb-lab.de\/index.php\/wp-json\/wp\/v2\/pages"}],"about":[{"href":"https:\/\/eb-lab.de\/index.php\/wp-json\/wp\/v2\/types\/page"}],"author":[{"embeddable":true,"href":"https:\/\/eb-lab.de\/index.php\/wp-json\/wp\/v2\/users\/1"}],"replies":[{"embeddable":true,"href":"https:\/\/eb-lab.de\/index.php\/wp-json\/wp\/v2\/comments?post=17"}],"version-history":[{"count":9,"href":"https:\/\/eb-lab.de\/index.php\/wp-json\/wp\/v2\/pages\/17\/revisions"}],"predecessor-version":[{"id":2124,"href":"https:\/\/eb-lab.de\/index.php\/wp-json\/wp\/v2\/pages\/17\/revisions\/2124"}],"up":[{"embeddable":true,"href":"https:\/\/eb-lab.de\/index.php\/wp-json\/wp\/v2\/pages\/2043"}],"wp:attachment":[{"href":"https:\/\/eb-lab.de\/index.php\/wp-json\/wp\/v2\/media?parent=17"}],"curies":[{"name":"wp","href":"https:\/\/api.w.org\/{rel}","templated":true}]}}