{"id":1596,"date":"2023-01-18T15:06:07","date_gmt":"2023-01-18T15:06:07","guid":{"rendered":"https:\/\/es-lab.de\/wp\/?page_id=1596"},"modified":"2023-01-18T15:06:07","modified_gmt":"2023-01-18T15:06:07","slug":"pruefungsphase-ws-2022-2023","status":"publish","type":"page","link":"https:\/\/eb-lab.de\/index.php\/pruefungensprechstunde\/pruefungsphase-ws-2022-2023\/","title":{"rendered":"Pr\u00fcfungsphase \/ Examination WS 2022\/2023"},"content":{"rendered":"\n<p>Hallo Zusammen,<\/p>\n\n\n\n<p>f\u00fcr die anstehende Pr\u00fcfungsperiode WS2022\/2023 habe ich unten stehende Auflistung mit den Details zu meinen Pr\u00fcfungen zusammengestellt.<\/p>\n\n\n\n<p><strong>Grunds\u00e4tzlich m\u00fcssen Sie sich im HIS zu Ihrer jeweiligen Pr\u00fcfung ordnungsgem\u00e4\u00df angemeldet haben. Bitte vers\u00e4umen Sie nicht die Anmeldefrist!!<\/strong><\/p>\n\n\n\n<p><strong>Wenn Sie sich nicht im HIS angemeldet haben, kann keine Pr\u00fcfung <\/strong>stattfinden<\/p>\n\n\n\n<ul><li>Realtime-System: 22.2.2023 and 22.3.2023, oral exam -> Invitation for individual time-slots can be found<a href=\"https:\/\/terminplaner6.dfn.de\/p\/2282fbdae87693c7ad2ab5a7c5958faf-93314\" data-type=\"URL\" data-id=\"https:\/\/terminplaner6.dfn.de\/p\/2282fbdae87693c7ad2ab5a7c5958faf-93314\"> here<\/a><\/li><li>Systemprogramming: 8.2.2023 and 9.2.2023, oral exam -> Invitation for individual time-slots can be found <a href=\"https:\/\/terminplaner2.dfn.de\/PcRTE11McU1eSC47\" data-type=\"URL\">here<\/a><\/li><li>Hardware-\/Software-CoDesign: 23.2.2023 and 31.3.2023 -> Presentation of your individual project work -><s> Details and invitation for individual time-slots will be issued soon<\/s><br><span class=\"has-inline-color has-vivid-red-color\"><strong>We will start the defense of your project work at 12:30 Uhr. There will be no individual time slot. All students should be present.<\/strong><\/span><\/li><li>Microcontroller (EIT\/MT 2012 und sonstige Nachholer): M\u00fcndliche Pr\u00fcfung per Videokonferenz. Bitte kontaktieren Sie mich bzgl. einer Terminabsprache<\/li><li><span class=\"has-inline-color has-vivid-red-color\"><strong>Update:<\/strong><\/span> Microcontroller (neuere Pr\u00fcfungsordnung als 2012): Schriftliche Pr\u00fcfung am 3.2.2023, 08:00 Uhr in 01\/121<\/li><\/ul>\n","protected":false},"excerpt":{"rendered":"<p>Hallo Zusammen, f\u00fcr die anstehende Pr\u00fcfungsperiode WS2022\/2023 habe ich unten stehende Auflistung mit den Details zu meinen Pr\u00fcfungen zusammengestellt. Grunds\u00e4tzlich m\u00fcssen Sie sich im HIS zu Ihrer jeweiligen Pr\u00fcfung ordnungsgem\u00e4\u00df angemeldet haben. Bitte vers\u00e4umen Sie nicht die Anmeldefrist!! Wenn Sie &hellip;<\/p>\n<p class=\"read-more\"> <a class=\"more-link\" href=\"https:\/\/eb-lab.de\/index.php\/pruefungensprechstunde\/pruefungsphase-ws-2022-2023\/\"> <span class=\"screen-reader-text\">Pr\u00fcfungsphase \/ Examination WS 2022\/2023<\/span> Weiterlesen &raquo;<\/a><\/p>\n","protected":false},"author":1,"featured_media":0,"parent":520,"menu_order":4,"comment_status":"closed","ping_status":"closed","template":"","meta":[],"_links":{"self":[{"href":"https:\/\/eb-lab.de\/index.php\/wp-json\/wp\/v2\/pages\/1596"}],"collection":[{"href":"https:\/\/eb-lab.de\/index.php\/wp-json\/wp\/v2\/pages"}],"about":[{"href":"https:\/\/eb-lab.de\/index.php\/wp-json\/wp\/v2\/types\/page"}],"author":[{"embeddable":true,"href":"https:\/\/eb-lab.de\/index.php\/wp-json\/wp\/v2\/users\/1"}],"replies":[{"embeddable":true,"href":"https:\/\/eb-lab.de\/index.php\/wp-json\/wp\/v2\/comments?post=1596"}],"version-history":[{"count":0,"href":"https:\/\/eb-lab.de\/index.php\/wp-json\/wp\/v2\/pages\/1596\/revisions"}],"up":[{"embeddable":true,"href":"https:\/\/eb-lab.de\/index.php\/wp-json\/wp\/v2\/pages\/520"}],"wp:attachment":[{"href":"https:\/\/eb-lab.de\/index.php\/wp-json\/wp\/v2\/media?parent=1596"}],"curies":[{"name":"wp","href":"https:\/\/api.w.org\/{rel}","templated":true}]}}