{"id":1480,"date":"2022-07-11T11:10:47","date_gmt":"2022-07-11T11:10:47","guid":{"rendered":"https:\/\/es-lab.de\/wp\/?page_id=1480"},"modified":"2022-07-11T11:10:47","modified_gmt":"2022-07-11T11:10:47","slug":"pruefungsphase-examination-ss-2022","status":"publish","type":"page","link":"https:\/\/eb-lab.de\/index.php\/pruefungensprechstunde\/pruefungsphase-examination-ss-2022\/","title":{"rendered":"Pr\u00fcfungsphase \/ Examination SS 2022"},"content":{"rendered":"\n<p>Hallo Zusammen,<\/p>\n\n\n\n<p>f\u00fcr die anstehende Pr\u00fcfungsperiode SS2022 habe ich unten stehende Auflistung mit den Details zu meinen Pr\u00fcfungen zusammengestellt.<\/p>\n\n\n\n<p><strong>Grunds\u00e4tzlich m\u00fcssen Sie sich im HIS zu Ihrer jeweiligen Pr\u00fcfung ordnungsgem\u00e4\u00df angemeldet haben. Bitte vers\u00e4umen Sie nicht die Anmeldefrist!!\u00a0Wenn\u00a0Sie\u00a0nicht\u00a0registriert\u00a0sind,\u00a0werden\u00a0wir\u00a0keine\u00a0Pr\u00fcfung\u00a0mit\u00a0Ihnen\u00a0durchf\u00fchren.<\/strong><\/p>\n\n\n\n<p><strong>In addition to below, you have to register yourself in the HIS for each individual exam. Do not miss this registration !! If you are not registered, the exam will not take place.<\/strong><\/p>\n\n\n\n<ul><li><strong>Realtime-System<\/strong>: 22.9.2022 -> Please contact me to arrange a schedule<\/li><li><strong>Systemprogramming<\/strong>: 22.9.2022 -> Please contact me to arrange a schedule<\/li><li><strong>Datenschutz \/ Datensicherheit (IMS)<\/strong>: 28.7.2022 -> Erledigt<\/li><li><strong>Software-Design<\/strong>: 20.9.2022 in 01\/322-2 -> Klausur (written exam as explained at 31st of Aug. in Videoconference)<\/li><li><strong>Internet-Security<\/strong>: 26.7.2022  and 11.10.2022\/18.10.2022 -> Please reserve<strong> one time-slot per group<\/strong> by using this <a href=\"https:\/\/terminplaner2.dfn.de\/P27FnUwTz8Ijb73y\">link<\/a><\/li><li><strong>Programmierung eingebetter Systeme<\/strong>: 21.9.2022 -> Bitte kontaktieren Sie mich via eMail bzgl. einer Uhrzeit<\/li><li><strong>Microcontroller (EIT\/MT 2012 und sonstige Nachholer)<\/strong>: M\u00fcndliche Pr\u00fcfung. Bitte kontaktieren Sie mich bzgl. einer Terminabsprache<\/li><li><strong>Bussysteme (neuere Pr\u00fcfungsordnung als 2012)<\/strong>: <strong><span class=\"has-inline-color has-vivid-red-color\">\u00c4nderung: 07.10.2022<\/span> <span class=\"has-inline-color has-vivid-red-color\">12:30 Uhr<\/span><\/strong><\/li><\/ul>\n\n\n\n<p>Viel Gl\u00fcck bei Ihren Vorbereitungen und der Pr\u00fcfung selbst.<\/p>\n\n\n\n<p>Ingo Chmielewski<\/p>\n","protected":false},"excerpt":{"rendered":"<p>Hallo Zusammen, f\u00fcr die anstehende Pr\u00fcfungsperiode SS2022 habe ich unten stehende Auflistung mit den Details zu meinen Pr\u00fcfungen zusammengestellt. Grunds\u00e4tzlich m\u00fcssen Sie sich im HIS zu Ihrer jeweiligen Pr\u00fcfung ordnungsgem\u00e4\u00df angemeldet haben. Bitte vers\u00e4umen Sie nicht die Anmeldefrist!!\u00a0Wenn\u00a0Sie\u00a0nicht\u00a0registriert\u00a0sind,\u00a0werden\u00a0wir\u00a0keine\u00a0Pr\u00fcfung\u00a0mit\u00a0Ihnen\u00a0durchf\u00fchren. In addition &hellip;<\/p>\n<p class=\"read-more\"> <a class=\"more-link\" href=\"https:\/\/eb-lab.de\/index.php\/pruefungensprechstunde\/pruefungsphase-examination-ss-2022\/\"> <span class=\"screen-reader-text\">Pr\u00fcfungsphase \/ Examination SS 2022<\/span> Weiterlesen &raquo;<\/a><\/p>\n","protected":false},"author":1,"featured_media":0,"parent":520,"menu_order":5,"comment_status":"closed","ping_status":"closed","template":"","meta":[],"_links":{"self":[{"href":"https:\/\/eb-lab.de\/index.php\/wp-json\/wp\/v2\/pages\/1480"}],"collection":[{"href":"https:\/\/eb-lab.de\/index.php\/wp-json\/wp\/v2\/pages"}],"about":[{"href":"https:\/\/eb-lab.de\/index.php\/wp-json\/wp\/v2\/types\/page"}],"author":[{"embeddable":true,"href":"https:\/\/eb-lab.de\/index.php\/wp-json\/wp\/v2\/users\/1"}],"replies":[{"embeddable":true,"href":"https:\/\/eb-lab.de\/index.php\/wp-json\/wp\/v2\/comments?post=1480"}],"version-history":[{"count":0,"href":"https:\/\/eb-lab.de\/index.php\/wp-json\/wp\/v2\/pages\/1480\/revisions"}],"up":[{"embeddable":true,"href":"https:\/\/eb-lab.de\/index.php\/wp-json\/wp\/v2\/pages\/520"}],"wp:attachment":[{"href":"https:\/\/eb-lab.de\/index.php\/wp-json\/wp\/v2\/media?parent=1480"}],"curies":[{"name":"wp","href":"https:\/\/api.w.org\/{rel}","templated":true}]}}