{"id":14,"date":"2016-02-07T14:19:11","date_gmt":"2016-02-07T14:19:11","guid":{"rendered":"https:\/\/es-lab.de\/wp\/?page_id=14"},"modified":"2025-10-07T13:51:54","modified_gmt":"2025-10-07T12:51:54","slug":"kontakt","status":"publish","type":"page","link":"https:\/\/eb-lab.de\/index.php\/kontakt\/","title":{"rendered":"Kontakt\/Impressum"},"content":{"rendered":"<div id=\"c886\" class=\"csc-default\">\n<div class=\"csc-header csc-header-n1\">\n<p class=\"csc-firstHeader\">Prof. Dr.-Ing. Ingo Chmielewski \u00c2\u00a0<a href=\"http:\/\/www.xing.com\/profile\/Ingo_Chmielewski2\" target=\"_blank\" rel=\"me noopener\"><img decoding=\"async\" loading=\"lazy\" src=\"http:\/\/www.xing.com\/img\/buttons\/7_de_btn.gif\" alt=\"Prof. Dr. Ingo Chmielewski\" width=\"139\" height=\"23\" \/><\/a><\/p>\n<\/div>\n<p>Embedded-Systems<\/p>\n<p>Tel.: +49 (0) 3496 67 2345<\/p>\n<p>eMail: Ingo.Chmielewski@hs-anhalt.de<\/p>\n<p>web: <a href=\"http:\/\/eb-lab.de\">www.eb-lab.de<\/a><br \/>\nweb: <a href=\"http:\/\/www.emw.hs-anhalt.de\/www\/\">www.hs-anhalt.de<\/a><\/p>\n<p>Hochschule Anhalt<br \/>\nBernburger Stra\u00dfe 55<br \/>\n06366 K\u00f6then<\/p>\n<\/div>\n<div id=\"c885\" class=\"csc-default\">\n<div class=\"csc-header csc-header-n2\">\n<h1>Haftungshinweis<\/h1>\n<\/div>\n<p class=\"bodytext\">Trotz sorgf\u00e4ltiger inhaltlicher Kontrolle \u00dcbernehme ich keine Haftung f\u00fcr die Inhalte externer Links. F\u00fcr den Inhalt der verlinkten Seiten sind ausschlie\u00dflich deren Betreiber verantwortlich.<\/p>\n<\/div>\n<div id=\"c884\" class=\"csc-default\">\n<div class=\"csc-header csc-header-n3\">\n<h2>1. Inhalt des Onlineangebotes<\/h2>\n<\/div>\n<p class=\"bodytext\">Das Embedded-Systems Lab (EB-LAB) \u00fcbernimmt keinerlei Gew\u00e4hr f\u00fcr die Aktualit\u00e4t, Korrektheit, Vollst\u00e4ndigkeit, oder Qualit\u00e4t der bereitgestellten Informationen. Haftungsanspr\u00fcche gegen das EB-LAB, welche sich auf Sch\u00e4den materieller oder ideeller Art beziehen, die durch die Nutzung oder Nichtnutzung der dargebotenen Informationen bzw. durch die Nutzung fehlerhafter und unvollst\u00e4ndiger Informationen verursacht wurden, sind grunds\u00e4tzlich ausgeschlossen, sofern seitens dem EB-LAB kein nachweislich vors\u00e4tzliches oder grob fahrl\u00e4ssiges Verschulden vorliegt. Alle Angebote sind freibleibend und unverbindlich. Das EB-LAB beh\u00e4lt es sich ausdr\u00fccklich vor, Teile der Seiten oder das gesamte Angebot ohne gesonderte Ank\u00fcndigung zu ver\u00e4ndern, zu erg\u00e4nzen, zu l\u00f6schen oder die Ver\u00f6ffentlichung zeitweise oder endg\u00fcltig einzustellen.<\/p>\n<\/div>\n<div id=\"c883\" class=\"csc-default\">\n<div class=\"csc-header csc-header-n4\">\n<h2>2. Verweise und Links<\/h2>\n<\/div>\n<p class=\"bodytext\">Bei direkten oder indirekten Verweisen auf fremde Internetseiten (&#8222;Links&#8220;), die au\u00dferhalb des Verantwortungsbereiches des EB-LAB liegen, w\u00fcrde eine Haftungsverpflichtung ausschlie\u00dflich in dem Fall in Kraft treten, in dem das EB-LAB von den Inhalten Kenntnis hat und es ihr technisch m\u00f6glich und zumutbar w\u00e4re, die Nutzung im Falle rechtswidriger Inhalte zu verhindern.<br \/>\nDas EB-LAB erkl\u00e4rt daher ausdr\u00fccklich, dass zum Zeitpunkt der Linksetzung die entsprechenden verlinkten Seiten frei von illegalen Inhalten waren. Das EB-LAB hat keinerlei Einfluss auf die aktuelle und zuk\u00fcnftige Gestaltung und auf die Inhalte der gelinkten\/verkn\u00fcpften Seiten. Deshalb distanziert sie sich hiermit ausdr\u00fccklich von allen Inhalten aller gelinkten \/ verkn\u00fcpften Seiten, die nach der Linksetzung ver\u00e4ndert wurden. Diese Feststellung gilt f\u00fcr alle innerhalb des eigenen Internetangebotes gesetzten Links und Verweise. F\u00fcr illegale, fehlerhafte oder unvollst\u00e4ndige Inhalte und insbesondere f\u00fcr Sch\u00e4den, die aus der Nutzung oder Nichtnutzung solcherart dargebotener Informationen entstehen, haftet allein der Anbieter der Seite, auf welche verwiesen wurde, nicht derjenige, der \u00fcber Links auf die jeweilige Ver\u00f6ffentlichung lediglich verweist.<\/p>\n<\/div>\n<div id=\"c882\" class=\"csc-default\">\n<div class=\"csc-header csc-header-n5\">\n<h2>3. Urheber- und Kennzeichenrecht<\/h2>\n<\/div>\n<p class=\"bodytext\">Das EB-LAB ist bestrebt, in allen Publikationen die Urheberrechte der verwendeten Grafiken, Tondokumente, Videosequenzen und Texte zu beachten, von ihr selbst erstellte Grafiken, Tondokumente, Videosequenzen und Texte zu nutzen oder auf lizenzfreie Grafiken, Tondokumente, Videosequenzen und Texte zur\u00fcckzugreifen. Alle innerhalb des Internetangebotes genannten und ggf. durch Dritte gesch\u00fctzten Marken- und Warenzeichen unterliegen uneingeschr\u00e4nkt den Bestimmungen des jeweils g\u00fcltigen Kennzeichenrechts und den Besitzrechten der jeweiligen eingetragenen Eigent\u00fcmer. Allein aufgrund der blo\u00dfen Nennung ist nicht der Schluss zu ziehen, dass Markenzeichen nicht durch Rechte Dritter gesch\u00fctzt sind! Das Copyright f\u00fcr ver\u00f6ffentlichte, vom EB-LAB selbst erstellte Objekte bleibt allein bei den Autoren der Seiten. Eine Vervielf\u00e4ltigung oder Verwendung solcher Grafiken, Tondokumente, Videosequenzen und Texte in anderen elektronischen oder gedruckten Publikationen ist ohne ausdr\u00fcckliche Zustimmung vom EB-LAB nicht gestattet.<\/p>\n<\/div>\n<div id=\"c881\" class=\"csc-default\">\n<div class=\"csc-header csc-header-n6\">\n<h2>4. Rechtswirksamkeit dieses Haftungsausschlusses<\/h2>\n<\/div>\n<p class=\"bodytext\">Sofern Teile oder einzelne Formulierungen dieses Textes der geltenden Rechtslage nicht, nicht mehr oder nicht vollst\u00e4ndig entsprechen sollten, bleiben die \u00fcbrigen Teile des Dokumentes in ihrem Inhalt und ihrer G\u00fcltigkeit davon unber\u00fchrt.<\/p>\n<\/div>\n<div id=\"c880\" class=\"csc-default\">\n<div class=\"csc-header csc-header-n7\">\n<h2>5. Bildmaterial<\/h2>\n<\/div>\n<p class=\"bodytext\">Alle auf dieser Webseite verwendeten Bilder sind lizenziert und freigegeben. Die Bilder wurden von\u00a0 <a class=\"external-link-new-window\" title=\"zu istockphoto\" href=\"http:\/\/www.istockphoto.de\/\" target=\"_blank\" rel=\"noopener\">istockphoto<\/a> und <a class=\"external-link-new-window\" title=\"Opens external link in new window\" href=\"http:\/\/www.fotolia.de\/\" target=\"_blank\" rel=\"noopener\">fotolia<\/a> rechtm\u00e4\u00dfig erworben. Das kopieren und verwenden der Bilder ist nicht gestattet. Die verwendeten Icons stehen unter<a class=\"external-link-new-window\" title=\"zur GPL\" href=\"http:\/\/www.gnu.org\/licenses\/\" target=\"_blank\" rel=\"noopener\"> GPL<\/a>\u00a0und sind vom &#8222;<a class=\"external-link-new-window\" title=\"Opens external link in new window\" href=\"http:\/\/www.everaldo.com\/\" target=\"_blank\" rel=\"noopener\">Crystal Project Icons<\/a>&#8222;.<\/p>\n<h2 class=\"bodytext\">6. Datenschutz<\/h2>\n<p>Die Webseiten des EB-LAB verwenden KEINE Cookies (Textdateien, die auf Ihrem Computer gespeichert werden und die eine Analyse der Benutzung der Website erm\u00f6glichen). Es werden KEINE in die Webseiten eingebetteten Tracking-Dienste oder Javascript-Bibliotheken (z.B. Google Analytics o.\u00e4\u00a4.) verwendet, um personenbezogene Daten zu verarbeiten.<\/p>\n<p>Personenbezogene Daten werden nur mit Ihrem Wissen und Ihrer Einwilligung erhoben. Auf Antrag erhalten Sie unentgeltlich Auskunft zu den \u00fcber Sie gespeicherten personenbezogenen Daten. Wenden Sie sich dazu bitte an: Ingo.Chmielewski@hs-anhalt.de.<\/p>\n<p>Durch den Webserver werden Nutzungs- und Verkehrsdaten erhoben (Log-Dateien), welche die IP-Adressen der Besucher unserer Webseiten enthalten. Die Log-Dateien dienen ausschlie\u00dflich der Fehlersuche bei Angriffen bzw. technischen Ausf\u00e4llen und werden ansonsten nicht ausgewertet. Die Log-Dateien werden nach 14 Tagen automatisch gel\u00f6scht.<\/p>\n<p>Auf unseren Webseiten werden externe Schriften der Firma Google verwendet (sog. Webfonts). Dazu muss Ihr Browser Verbindung zu den Servern von Google aufnehmen. N\u00e4here Informationen zum Datenschutz bei Verwendung von Google Webfonts erhalten Sie unter <a href=\"https:\/\/developers.google.com\/fonts\/faq\">https:\/\/developers.google.com\/fonts\/faq<\/a>.<\/p>\n<\/div>\n","protected":false},"excerpt":{"rendered":"<p>Prof. Dr.-Ing. Ingo Chmielewski \u00c2\u00a0 Embedded-Systems Tel.: +49 (0) 3496 67 2345 eMail: Ingo.Chmielewski@hs-anhalt.de web: www.eb-lab.de web: www.hs-anhalt.de Hochschule Anhalt Bernburger Stra\u00dfe 55 06366 K\u00f6then Haftungshinweis Trotz sorgf\u00e4ltiger inhaltlicher Kontrolle \u00dcbernehme ich keine Haftung f\u00fcr die Inhalte externer Links. F\u00fcr &hellip;<\/p>\n<p class=\"read-more\"> <a class=\"more-link\" href=\"https:\/\/eb-lab.de\/index.php\/kontakt\/\"> <span class=\"screen-reader-text\">Kontakt\/Impressum<\/span> Weiterlesen &raquo;<\/a><\/p>\n","protected":false},"author":1,"featured_media":0,"parent":0,"menu_order":50,"comment_status":"closed","ping_status":"open","template":"","meta":[],"_links":{"self":[{"href":"https:\/\/eb-lab.de\/index.php\/wp-json\/wp\/v2\/pages\/14"}],"collection":[{"href":"https:\/\/eb-lab.de\/index.php\/wp-json\/wp\/v2\/pages"}],"about":[{"href":"https:\/\/eb-lab.de\/index.php\/wp-json\/wp\/v2\/types\/page"}],"author":[{"embeddable":true,"href":"https:\/\/eb-lab.de\/index.php\/wp-json\/wp\/v2\/users\/1"}],"replies":[{"embeddable":true,"href":"https:\/\/eb-lab.de\/index.php\/wp-json\/wp\/v2\/comments?post=14"}],"version-history":[{"count":1,"href":"https:\/\/eb-lab.de\/index.php\/wp-json\/wp\/v2\/pages\/14\/revisions"}],"predecessor-version":[{"id":2131,"href":"https:\/\/eb-lab.de\/index.php\/wp-json\/wp\/v2\/pages\/14\/revisions\/2131"}],"wp:attachment":[{"href":"https:\/\/eb-lab.de\/index.php\/wp-json\/wp\/v2\/media?parent=14"}],"curies":[{"name":"wp","href":"https:\/\/api.w.org\/{rel}","templated":true}]}}