{"id":1398,"date":"2022-01-11T08:11:11","date_gmt":"2022-01-11T08:11:11","guid":{"rendered":"https:\/\/es-lab.de\/wp\/?page_id=1398"},"modified":"2022-01-11T08:11:11","modified_gmt":"2022-01-11T08:11:11","slug":"pruefungsphase-ws2021-2022-details-und-termine","status":"publish","type":"page","link":"https:\/\/eb-lab.de\/index.php\/pruefungensprechstunde\/pruefungsphase-ws2021-2022-details-und-termine\/","title":{"rendered":"Pr\u00fcfungsphase WS2021\/2022: Details und Termine"},"content":{"rendered":"\n<p>Hallo Zusammen,<\/p>\n\n\n\n<p>f\u00fcr die anstehende Pr\u00fcfungsperiode WS2021\/2022 habe ich unten stehende Auflistung mit den Details zu meinen Pr\u00fcfungen zusammengestellt.<\/p>\n\n\n\n<p><strong>Grunds\u00e4tzlich m\u00fcssen Sie sich im HIS zu Ihrer jeweiligen Pr\u00fcfung ordnungsgem\u00e4\u00df angemeldet haben. Bitte vers\u00e4umen Sie nicht die Anmeldefrist!!<\/strong><\/p>\n\n\n\n<ul><li>Realtime-System: 14.3.2022 -&gt; Details and invitation for individual time-slots will be issued soon<\/li><li>Systemprogramming: 18.3.2022 -&gt; Details and invitation for individual time-slots will be issued soon<\/li><li>Hardware-\/Software-CoDesign: 24.2.2022 -&gt; Presentation of your individual project work -&gt; Details and invitation for individual time-slots will be issued soon<\/li><li>Microcontroller (EIT\/MT 2012 und sonstige Nachholer): M\u00fcndliche Pr\u00fcfung per Videokonferenz. Bitte kontaktieren Sie mich bzgl. einer Terminabsprache<\/li><li>Microcontroller (neuere Pr\u00fcfungsordnung als 2012): M\u00fcndliche Pr\u00fcfung am 28.3.2022 -&gt; Details folgen noch.<del>um 10:30 Uhr im Raum 01\/121.<\/del><\/li><\/ul>\n","protected":false},"excerpt":{"rendered":"<p>Hallo Zusammen, f\u00fcr die anstehende Pr\u00fcfungsperiode WS2021\/2022 habe ich unten stehende Auflistung mit den Details zu meinen Pr\u00fcfungen zusammengestellt. Grunds\u00e4tzlich m\u00fcssen Sie sich im HIS zu Ihrer jeweiligen Pr\u00fcfung ordnungsgem\u00e4\u00df angemeldet haben. Bitte vers\u00e4umen Sie nicht die Anmeldefrist!! Realtime-System: 14.3.2022 &hellip;<\/p>\n<p class=\"read-more\"> <a class=\"more-link\" href=\"https:\/\/eb-lab.de\/index.php\/pruefungensprechstunde\/pruefungsphase-ws2021-2022-details-und-termine\/\"> <span class=\"screen-reader-text\">Pr\u00fcfungsphase WS2021\/2022: Details und Termine<\/span> Weiterlesen &raquo;<\/a><\/p>\n","protected":false},"author":1,"featured_media":0,"parent":520,"menu_order":3,"comment_status":"closed","ping_status":"closed","template":"","meta":[],"_links":{"self":[{"href":"https:\/\/eb-lab.de\/index.php\/wp-json\/wp\/v2\/pages\/1398"}],"collection":[{"href":"https:\/\/eb-lab.de\/index.php\/wp-json\/wp\/v2\/pages"}],"about":[{"href":"https:\/\/eb-lab.de\/index.php\/wp-json\/wp\/v2\/types\/page"}],"author":[{"embeddable":true,"href":"https:\/\/eb-lab.de\/index.php\/wp-json\/wp\/v2\/users\/1"}],"replies":[{"embeddable":true,"href":"https:\/\/eb-lab.de\/index.php\/wp-json\/wp\/v2\/comments?post=1398"}],"version-history":[{"count":0,"href":"https:\/\/eb-lab.de\/index.php\/wp-json\/wp\/v2\/pages\/1398\/revisions"}],"up":[{"embeddable":true,"href":"https:\/\/eb-lab.de\/index.php\/wp-json\/wp\/v2\/pages\/520"}],"wp:attachment":[{"href":"https:\/\/eb-lab.de\/index.php\/wp-json\/wp\/v2\/media?parent=1398"}],"curies":[{"name":"wp","href":"https:\/\/api.w.org\/{rel}","templated":true}]}}