{"id":1186,"date":"2020-08-24T08:45:56","date_gmt":"2020-08-24T08:45:56","guid":{"rendered":"https:\/\/es-lab.de\/wp\/?page_id=1186"},"modified":"2020-08-24T08:45:56","modified_gmt":"2020-08-24T08:45:56","slug":"pruefungsphase-ss2020-details-und-termine","status":"publish","type":"page","link":"https:\/\/eb-lab.de\/index.php\/pruefungensprechstunde\/pruefungsphase-ss2020-details-und-termine\/","title":{"rendered":"Pr\u00fcfungsphase SS2020: Details und Termine"},"content":{"rendered":"\n<p>Hallo Zusammen,<\/p>\n\n\n\n<p>f\u00fcr die anstehende Pr\u00fcfungsperiode SS2020 habe ich unten stehende Auflistung mit den Details zu meinen Pr\u00fcfungen zusammengestellt.<\/p>\n\n\n\n<p class=\"has-vivid-red-color has-text-color\"><strong>Grunds\u00e4tzlich m\u00fcssen Sie sich im HIS zu Ihrer jeweiligen Pr\u00fcfung ordnungsgem\u00e4\u00df angemeldet haben. Bitte vers\u00e4umen Sie nicht die Anmeldefrist!!<\/strong><\/p>\n\n\n\n<ul><li>Realtime-System: 3.9.2020 -> Bitte kontaktieren Sie mich bzgl. einer Terminabsprache<\/li><li>Systemprogramming: 3.9.2020 -> Bitte kontaktieren Sie mich bzgl. einer Terminabsprache<\/li><li>Microcontroller (EIT\/MT 2012 und sonstige Nachholer): M\u00fcndliche Pr\u00fcfung per Videokonferenz. Bitte kontaktieren Sie mich bzgl. einer Terminabsprache<\/li><li>Microcontroller (neuere Pr\u00fcfungsordnung als 2012): 18.9.2020 -> Termine f\u00fcr Ihre Verteidigung Ihrer Belegarbeit vergibt Herr T. M\u00fcller.<\/li><\/ul>\n","protected":false},"excerpt":{"rendered":"<p>Hallo Zusammen, f\u00fcr die anstehende Pr\u00fcfungsperiode SS2020 habe ich unten stehende Auflistung mit den Details zu meinen Pr\u00fcfungen zusammengestellt. Grunds\u00e4tzlich m\u00fcssen Sie sich im HIS zu Ihrer jeweiligen Pr\u00fcfung ordnungsgem\u00e4\u00df angemeldet haben. Bitte vers\u00e4umen Sie nicht die Anmeldefrist!! Realtime-System: 3.9.2020 &hellip;<\/p>\n<p class=\"read-more\"> <a class=\"more-link\" href=\"https:\/\/eb-lab.de\/index.php\/pruefungensprechstunde\/pruefungsphase-ss2020-details-und-termine\/\"> <span class=\"screen-reader-text\">Pr\u00fcfungsphase SS2020: Details und Termine<\/span> Weiterlesen &raquo;<\/a><\/p>\n","protected":false},"author":1,"featured_media":0,"parent":520,"menu_order":5,"comment_status":"closed","ping_status":"closed","template":"","meta":[],"_links":{"self":[{"href":"https:\/\/eb-lab.de\/index.php\/wp-json\/wp\/v2\/pages\/1186"}],"collection":[{"href":"https:\/\/eb-lab.de\/index.php\/wp-json\/wp\/v2\/pages"}],"about":[{"href":"https:\/\/eb-lab.de\/index.php\/wp-json\/wp\/v2\/types\/page"}],"author":[{"embeddable":true,"href":"https:\/\/eb-lab.de\/index.php\/wp-json\/wp\/v2\/users\/1"}],"replies":[{"embeddable":true,"href":"https:\/\/eb-lab.de\/index.php\/wp-json\/wp\/v2\/comments?post=1186"}],"version-history":[{"count":0,"href":"https:\/\/eb-lab.de\/index.php\/wp-json\/wp\/v2\/pages\/1186\/revisions"}],"up":[{"embeddable":true,"href":"https:\/\/eb-lab.de\/index.php\/wp-json\/wp\/v2\/pages\/520"}],"wp:attachment":[{"href":"https:\/\/eb-lab.de\/index.php\/wp-json\/wp\/v2\/media?parent=1186"}],"curies":[{"name":"wp","href":"https:\/\/api.w.org\/{rel}","templated":true}]}}