{"id":1092,"date":"2020-01-07T09:01:04","date_gmt":"2020-01-07T09:01:04","guid":{"rendered":"https:\/\/es-lab.de\/wp\/?page_id=1092"},"modified":"2020-01-07T09:01:04","modified_gmt":"2020-01-07T09:01:04","slug":"pruefungsphase-ws20192020-details-und-termine","status":"publish","type":"page","link":"https:\/\/eb-lab.de\/index.php\/pruefungensprechstunde\/pruefungsphase-ws20192020-details-und-termine\/","title":{"rendered":"Pr\u00fcfungsphase WS2019\/2020 Details und Termine"},"content":{"rendered":"<p>Hallo Zusammen,<\/p>\n<p>f\u00fcr die anstehende Pr\u00fcfungsperiode habe ich unten stehende Tabelle mit den Details zu meinen Pr\u00fcfungen zusammengestellt.<\/p>\n<p><span style=\"color: #ff0000;\"><strong>Grunds\u00e4tzlich m\u00fcssen Sie sich im HIS zu Ihrer jeweiligen Pr\u00fcfung ordnungsgem\u00e4\u00df angemeldet haben. Bitte vers\u00e4umen Sie nicht die Anmeldefrist!!<\/strong><\/span><\/p>\n<table>\n<tbody>\n<tr>\n<td style=\"text-align: center;\"><strong>Lehrfach<\/strong><\/td>\n<td style=\"text-align: center;\"><strong>Art der Pr\u00c3\u00bcfung<\/strong><\/td>\n<td style=\"text-align: center;\"><strong>Datum<\/strong><\/td>\n<td style=\"text-align: center;\"><strong>Uhrzeit<\/strong><\/td>\n<td style=\"text-align: center;\"><strong>Ort<\/strong><\/td>\n<td style=\"text-align: center;\"><strong>Bemerkungen<\/strong><\/td>\n<\/tr>\n<tr>\n<td>Systemprogramming<\/td>\n<td>Oral<\/td>\n<td>14.2.2020<\/td>\n<td>ab 9:00<\/td>\n<td>k31<\/td>\n<td><span style=\"color: #000000;\">Done<\/span><\/td>\n<\/tr>\n<tr>\n<td>Realtime-Systems<\/td>\n<td>Oral<\/td>\n<td>4.2.2020<\/td>\n<td>ab 9:00<\/td>\n<td>k31<\/td>\n<td>Done<\/td>\n<\/tr>\n<tr>\n<td>Hardware-Software-CoDesign<\/td>\n<td>Project<\/td>\n<td>3.2.2020<\/td>\n<td>ab 10:00<\/td>\n<td>01\/222<\/td>\n<td><span style=\"color: #000000;\">Done<\/span><\/td>\n<\/tr>\n<tr>\n<td>Mikrocontroller (Nachholpr\u00fcfung)<\/td>\n<td>\u00a0<\/td>\n<td>16.3.2020<\/td>\n<td>\u00a0<\/td>\n<td>\u00a0<\/td>\n<td>Bitte kontaktieren Sie mich bzgl. Details<\/td>\n<\/tr>\n<tr>\n<td>Programmieren 1 und Programmieren 2<br \/>(bis einschliesslich PO 2014)<\/td>\n<td>Beleg<\/td>\n<td>25.3.2020<\/td>\n<td>\u00a0<\/td>\n<td>\u00a0<\/td>\n<td>Erledigt<\/td>\n<\/tr>\n<tr>\n<td><span style=\"color: #000000;\">Maschinenprogrammierung\/<br \/>Assemblerprogrammierung<br \/>(inkl. Nachholpr\u00fcfung)<\/span><\/td>\n<td><span style=\"color: #000000;\">M\u00fcndliche Pr\u00fcfung mit Videokonferenz<\/span><\/td>\n<td><span style=\"color: #000000;\">27.5.2020<\/span><\/td>\n<td><span style=\"color: #000000;\">\u00a08:00<\/span><\/td>\n<td>\u00a0<\/td>\n<td><span style=\"color: #000000;\">Pr\u00fcfungsform ge\u00e4ndert<\/span><\/td>\n<\/tr>\n<\/tbody>\n<\/table>\n<p>Viel Erfolg.<\/p>\n\n\n<p><\/p>\n","protected":false},"excerpt":{"rendered":"<p>Hallo Zusammen, f\u00fcr die anstehende Pr\u00fcfungsperiode habe ich unten stehende Tabelle mit den Details zu meinen Pr\u00fcfungen zusammengestellt. Grunds\u00e4tzlich m\u00fcssen Sie sich im HIS zu Ihrer jeweiligen Pr\u00fcfung ordnungsgem\u00e4\u00df angemeldet haben. Bitte vers\u00e4umen Sie nicht die Anmeldefrist!! Lehrfach Art der &hellip;<\/p>\n<p class=\"read-more\"> <a class=\"more-link\" href=\"https:\/\/eb-lab.de\/index.php\/pruefungensprechstunde\/pruefungsphase-ws20192020-details-und-termine\/\"> <span class=\"screen-reader-text\">Pr\u00fcfungsphase WS2019\/2020 Details und Termine<\/span> Weiterlesen &raquo;<\/a><\/p>\n","protected":false},"author":1,"featured_media":0,"parent":520,"menu_order":6,"comment_status":"closed","ping_status":"closed","template":"","meta":[],"_links":{"self":[{"href":"https:\/\/eb-lab.de\/index.php\/wp-json\/wp\/v2\/pages\/1092"}],"collection":[{"href":"https:\/\/eb-lab.de\/index.php\/wp-json\/wp\/v2\/pages"}],"about":[{"href":"https:\/\/eb-lab.de\/index.php\/wp-json\/wp\/v2\/types\/page"}],"author":[{"embeddable":true,"href":"https:\/\/eb-lab.de\/index.php\/wp-json\/wp\/v2\/users\/1"}],"replies":[{"embeddable":true,"href":"https:\/\/eb-lab.de\/index.php\/wp-json\/wp\/v2\/comments?post=1092"}],"version-history":[{"count":0,"href":"https:\/\/eb-lab.de\/index.php\/wp-json\/wp\/v2\/pages\/1092\/revisions"}],"up":[{"embeddable":true,"href":"https:\/\/eb-lab.de\/index.php\/wp-json\/wp\/v2\/pages\/520"}],"wp:attachment":[{"href":"https:\/\/eb-lab.de\/index.php\/wp-json\/wp\/v2\/media?parent=1092"}],"curies":[{"name":"wp","href":"https:\/\/api.w.org\/{rel}","templated":true}]}}