{"id":10,"date":"2016-02-07T14:18:05","date_gmt":"2016-02-07T14:18:05","guid":{"rendered":"https:\/\/es-lab.de\/wp\/?page_id=10"},"modified":"2026-01-12T12:15:44","modified_gmt":"2026-01-12T11:15:44","slug":"partner","status":"publish","type":"page","link":"https:\/\/eb-lab.de\/index.php\/partner\/","title":{"rendered":"Partner"},"content":{"rendered":"<p><a href=\"https:\/\/es-lab.de\/wp\/wp-content\/uploads\/2016\/02\/Logo-2_bt.gif\"><img decoding=\"async\" loading=\"lazy\" class=\"alignright wp-image-22 \" src=\"https:\/\/es-lab.de\/wp\/wp-content\/uploads\/2016\/02\/Logo-2_bt-300x112.gif\" alt=\"Logo-2_bt\" width=\"241\" height=\"90\" \/><\/a><a href=\"http:\/\/www.koralewski.de\" target=\"_blank\" rel=\"noopener noreferrer\"><strong>Koralewski Industrie Elektronik<\/strong><\/a><\/p>\n<p>Die Koralewski Industrie-Elektronik oHG aus Hamb\u00fchren wurde 1945 in Celle gegr\u00fcndet und konzentriert sich auf die Entwicklung innovativer, qualitativ hochwertiger kundenspezifischer Systeml\u00f6sungen auf dem Gebiet der elektronischen Steuerungs-, Mess- und Regelungstechnik. Der Leistungsumfang der Koralewski oHG reicht hierbei von der Aufgabenanalyse \u00fcber die Hard- und Softwareentwicklung bis hin zur Serienfertigung.<\/p>\n<hr \/>\n<p><a href=\"https:\/\/es-lab.de\/wp\/wp-content\/uploads\/2016\/02\/WEBLOGO-2500x1000.png\"><img decoding=\"async\" loading=\"lazy\" class=\" wp-image-28 alignright\" src=\"https:\/\/es-lab.de\/wp\/wp-content\/uploads\/2016\/02\/WEBLOGO-2500x1000-300x120.png\" alt=\"WEBLOGO 2500x1000\" width=\"266\" height=\"106\" \/><\/a><a href=\"http:\/\/www.psw-energiesysteme.com\" target=\"_blank\" rel=\"noopener noreferrer\"><strong>PSW-Energiesysteme GmbH<\/strong><\/a><\/p>\n<p>Die PSW-Energiesysteme GmbH aus Celle entwickelt und vermarktet Kleinwindenergieanlagen, W\u00e4rmepumpen und Blockheizkraftwerke auf einem hohen ingenieurtechnischem Niveau unter Ber\u00fccksichtigung des neusten Standes der Technik. Die Gesch\u00e4ftsfelder sind die Entwicklung, Produktion und Vermarktung umweltfreundlicher, hocheffizienter und dezentralen Anlagen zur Energieerzeugung. Die PSW-Energiesysteme GmbH hat bereits mehrere Patente im Bereich Wechselrichter angemeldet.<\/p>\n<hr \/>\n<p><a href=\"http:\/\/www.axxeo.de\" target=\"_blank\" rel=\"noopener noreferrer\"><strong>axxeo GmbH<\/strong><\/a><\/p>\n<p class=\"western\"><a href=\"https:\/\/es-lab.de\/wp\/wp-content\/uploads\/2016\/02\/160208_axxeo.png\"><img decoding=\"async\" loading=\"lazy\" class=\" wp-image-37 alignright\" src=\"https:\/\/es-lab.de\/wp\/wp-content\/uploads\/2016\/02\/160208_axxeo.png\" alt=\"160208_axxeo\" width=\"108\" height=\"54\" \/><\/a>Die axxeo GmbH aus Hannover und K\u00f6then verf\u00fcgt \u00fcber langj\u00e4hriges Praxis-Know-How in den Bereichen Unix\/Linux und TCP\/IP. Sie wurde 2004 als Linux- und Netzwerkdienstleister gegr\u00fcndet und ist spezialisiert auf sichere Datenkommunikation in heterogenen Netzwerkumgebungen. Mit dem modularen System FoX verf\u00fcgt axxeo \u00fcber eine geeignete Basisplattform f\u00fcr die vielf\u00e4ltigsten Arbeiten im Linux-Umfeld sowie die vom Embedded-Markt geforderten Steuerungs- und Monitoring-L\u00f6sungen.<\/p>\n<hr \/>\n<p><a title=\"Future Internet Lab Anhalt\" href=\"http:\/\/fila-lab.de\" target=\"_blank\" rel=\"noopener noreferrer\"><strong>FILA Future Internet Lab Anhalt<img decoding=\"async\" loading=\"lazy\" class=\"alignright wp-image-236\" src=\"https:\/\/es-lab.de\/wp\/wp-content\/uploads\/2016\/10\/161005_FILA-300x130.png\" alt=\"161005_FILA\" width=\"133\" height=\"58\" \/><\/strong><\/a><\/p>\n<p>FILA is the international group of talented, smart and creative engineers. Each participant of this team works for improvement of modern technologies. FILA is people with innovation ideas. FILA is Future Internet Laboratory Anhalt.<\/p>\n<hr \/>\n<p><strong><a href=\"http:\/\/www.ecolights.at\" target=\"_blank\" rel=\"noopener noreferrer\">ecoliGhts GmbH<br \/>\n<\/a><\/strong><\/p>\n<p class=\"bodytext\"><b>Mit 15 Jahren Erfahrung ist ecoliGhts der Spezialist f\u00fcr solare Beleuchtungsl\u00f6sungen.\u00a0 Qualit\u00e4t, Effizienz, Verl\u00e4sslichkeit und gutes Design zeichnen die Solarleuchten von ecoliGhts aus.<\/b><\/p>\n<p class=\"bodytext\">In der hauseigenen Planung und Fertigung wird auf \u00e4sthetische Entw\u00fcrfe und funktionale Detailkonzepte h\u00f6chster Wert gelegt. Das Ergebnis sind optisch wie technisch hervorragende Solarleuchten, die f\u00fcr eine nachhaltige und kosteng\u00fcnstige Beleuchtung von Wegen, Stra\u00dfen, Pl\u00e4tzen, Parks, G\u00e4rten oder Objekten sorgen.<\/p>\n<p>Je nach Kundenw\u00fcnschen und Standortbedingungen k\u00f6nnen Beleuchtungsvarianten programmiert werden, die auch bei Nebel oder Schnellfall verl\u00e4sslich funktionieren. Das intelligente Regelungssystem stellt sich entsprechend geografischer Lage und Sonneneinstrahlung ein und senkt z.B. in den Wintermonaten das Licht in den Nachtstunden ab, damit es w\u00e4hrend der Beleuchtungszeit zu keinem Ausfall der Leuchten kommt. Auch bedarfsabh\u00e4ngiggesteuerte Leuchten kommen zum Einsatz, die mittels Sensor und Funksystem aktiviert werden.<\/p>\n<p>Als Solarstromspeicher kommen Akkusysteme zum Einsatz, die speziell f\u00fcr die solare Beleuchtung konzipiert wurden und \u00fcber eine hohe Akkulebensdauer verf\u00fcgen. Aufgrund der langj\u00e4hrigen Erfahrung kann ecoliGhts die ben\u00f6tigten Systemkomponenten optimal berechnen und aufeinander abstimmen.<br \/>\nDie hohen Verarbeitungsstandards von ecoliGhts sichern den Kunden \u00fcber Jahre Zufriedenheit und Freude an den Produkten.<\/p>\n<hr \/>\n<p><a href=\"http:\/\/www.lorica-energiesysteme.de\"><strong>Lorica Energiesysteme GmbH &amp; Co. KG<\/strong><\/a><\/p>\n<p><strong>Viele Unternehmen der erneuerbaren Energien sind gr\u00f6\u00dfer als wir, nur wenige sind spezialisierter.<a href=\"https:\/\/es-lab.de\/wp\/wp-content\/uploads\/2019\/07\/lorica_logo_klein-1.png\"><img decoding=\"async\" loading=\"lazy\" class=\"alignright  wp-image-989\" src=\"https:\/\/es-lab.de\/wp\/wp-content\/uploads\/2019\/07\/lorica_logo_klein-1.png\" alt=\"\" width=\"211\" height=\"97\" \/><\/a><\/strong><\/p>\n<p>Die Lorica geh\u00f6rt als mittelst\u00e4ndisches Familienunternehmen zu der geringen Zahl von Betreibern von Windenergieanlagen, die ihre Windenergieanlagen von A-Z selbst projektiert und diese dauerhaft im alleinigen Familieneigentum beh\u00e4lt. Die Lorica hat sich insbesondere auf den Betrieb von innovativen Windenergieanlagen spezialisiert, die bei ihrer Errichtung die neuesten, zuverl\u00e4ssigsten und technologisch weltweit f\u00fchrenden Windenergieanlagen sind.<\/p>\n<p>Von unserem Sitz in Winnemark sowie von unseren Repr\u00e4sentanzen in Potsdam und Magdeburg aus sind wir bundesweit mit den Schwerpunkten Schleswig-Holstein, Sachsen-Anhalt und Brandenburg t\u00e4tig.<\/p>\n<p>Hauptaugenmerk unseres Unternehmens sind neben dem Eigenbetrieb modernster Windenergieanlagen, eine erfolgreiche Gestaltung der Antragsverfahren sowie die aktive Begleitung von Aufstellungsverfahren zu Regionalpl\u00e4nen in den L\u00e4ndern und zu Fl\u00e4chennutzungs- und Bebauungspl\u00e4nen in den Partnergemeinden. Nicht nur im eigenen Interesse, sondern gerade auch im Interesse von Grundst\u00fcckseigent\u00fcmern und Gemeinden als Partner der Lorica entwickeln wir Handlungsalternativen und sinnvolle L\u00f6sungen, die Investitionen voranbringen und langwierige Verfahren vermeiden.<\/p>\n<p>Die Lorica legt Wert auf eine enge Kooperation zu Entscheidungstr\u00e4gern in der Politik und den Verwaltungen sowie zu Anlagenherstellern, Banken, Versicherungen und Energieversorgern, die innerhalb der Branche eine Spitzenstellung einnehmen.<\/p>\n","protected":false},"excerpt":{"rendered":"<p>Koralewski Industrie Elektronik Die Koralewski Industrie-Elektronik oHG aus Hamb\u00fchren wurde 1945 in Celle gegr\u00fcndet und konzentriert sich auf die Entwicklung innovativer, qualitativ hochwertiger kundenspezifischer Systeml\u00f6sungen auf dem Gebiet der elektronischen Steuerungs-, Mess- und Regelungstechnik. Der Leistungsumfang der Koralewski oHG reicht &hellip;<\/p>\n<p class=\"read-more\"> <a class=\"more-link\" href=\"https:\/\/eb-lab.de\/index.php\/partner\/\"> <span class=\"screen-reader-text\">Partner<\/span> Weiterlesen &raquo;<\/a><\/p>\n","protected":false},"author":1,"featured_media":0,"parent":0,"menu_order":40,"comment_status":"closed","ping_status":"open","template":"","meta":[],"_links":{"self":[{"href":"https:\/\/eb-lab.de\/index.php\/wp-json\/wp\/v2\/pages\/10"}],"collection":[{"href":"https:\/\/eb-lab.de\/index.php\/wp-json\/wp\/v2\/pages"}],"about":[{"href":"https:\/\/eb-lab.de\/index.php\/wp-json\/wp\/v2\/types\/page"}],"author":[{"embeddable":true,"href":"https:\/\/eb-lab.de\/index.php\/wp-json\/wp\/v2\/users\/1"}],"replies":[{"embeddable":true,"href":"https:\/\/eb-lab.de\/index.php\/wp-json\/wp\/v2\/comments?post=10"}],"version-history":[{"count":1,"href":"https:\/\/eb-lab.de\/index.php\/wp-json\/wp\/v2\/pages\/10\/revisions"}],"predecessor-version":[{"id":2132,"href":"https:\/\/eb-lab.de\/index.php\/wp-json\/wp\/v2\/pages\/10\/revisions\/2132"}],"wp:attachment":[{"href":"https:\/\/eb-lab.de\/index.php\/wp-json\/wp\/v2\/media?parent=10"}],"curies":[{"name":"wp","href":"https:\/\/api.w.org\/{rel}","templated":true}]}}